{"id":5741,"date":"2022-05-29T19:47:14","date_gmt":"2022-05-29T19:47:14","guid":{"rendered":"https:\/\/dozivi-ruse.si\/?page_id=5741"},"modified":"2022-09-29T20:43:31","modified_gmt":"2022-09-29T20:43:31","slug":"kulinarika","status":"publish","type":"page","link":"https:\/\/dozivi-ruse.si\/en\/kulinarika\/","title":{"rendered":"Cuisine"},"content":{"rendered":"<div data-elementor-type=\"wp-page\" data-elementor-id=\"5741\" class=\"elementor elementor-5741\" data-elementor-post-type=\"page\">\n\t\t\t\t\t\t<section class=\"elementor-section elementor-top-section elementor-element elementor-element-29e6d2c elementor-section-boxed elementor-section-height-default elementor-section-height-default\" data-id=\"29e6d2c\" data-element_type=\"section\" data-e-type=\"section\">\n\t\t\t\t\t\t<div class=\"elementor-container elementor-column-gap-default\">\n\t\t\t\t\t<div class=\"elementor-column elementor-col-100 elementor-top-column elementor-element elementor-element-cd27730\" data-id=\"cd27730\" data-element_type=\"column\" data-e-type=\"column\">\n\t\t\t<div class=\"elementor-widget-wrap elementor-element-populated\">\n\t\t\t\t\t\t<div class=\"elementor-element elementor-element-a1586aa elementor-widget elementor-widget-spacer\" data-id=\"a1586aa\" data-element_type=\"widget\" data-e-type=\"widget\" data-widget_type=\"spacer.default\">\n\t\t\t\t<div class=\"elementor-widget-container\">\n\t\t\t\t\t\t\t<div class=\"elementor-spacer\">\n\t\t\t<div class=\"elementor-spacer-inner\"><\/div>\n\t\t<\/div>\n\t\t\t\t\t\t<\/div>\n\t\t\t\t<\/div>\n\t\t\t\t<div class=\"elementor-element elementor-element-36c4e5a elementor-widget elementor-widget-ova_por_slide\" data-id=\"36c4e5a\" data-element_type=\"widget\" data-e-type=\"widget\" data-settings=\"{&quot;pause_on_hover&quot;:&quot;yes&quot;,&quot;infinite&quot;:&quot;yes&quot;,&quot;autoplay&quot;:&quot;yes&quot;,&quot;autoplay_speed&quot;:3000,&quot;dot_control&quot;:&quot;yes&quot;}\" data-widget_type=\"ova_por_slide.default\">\n\t\t\t\t<div class=\"elementor-widget-container\">\n\t\t\t\t\t\n<div class=\"ova_por_slide por_element\">\n\t<div class=\"slide-portfolio owl-carousel owl-theme\" data-options=\"{&quot;items&quot;:3,&quot;slideBy&quot;:1,&quot;margin&quot;:30,&quot;autoplayHoverPause&quot;:true,&quot;loop&quot;:true,&quot;autoplay&quot;:true,&quot;autoplayTimeout&quot;:3000,&quot;smartSpeed&quot;:500,&quot;dots&quot;:true}\">\n\t\t\t\t\t\t\t<div class=\"ovapor-item 69\">\n\t\t\t\t\t\t\t\t\t<a href=\"https:\/\/dozivi-ruse.si\/en\/ova_por\/pizzeria-plus\/\" >\n\t\t\t\t\t\t\t\t\t\t\t\t<img decoding=\"async\" src=\"https:\/\/dozivi-ruse.si\/wp-content\/uploads\/2022\/08\/pizzeria_plus_feature_image-600x450.jpg\" alt=\"Pizzeria PLUS\">\n\t\t\t\t\t<\/a>\n\n\t\t\t\t\t\t\t\t\t\t\t<div class=\"content-item\">\n\t\t\t\t\t\t\t\t\t\t\t\t\t\t\t<div class=\"category\">\n\t\t\t\t\t\t\t\t\t\t\t\t<span class=\"cat-por\">\n\t\t\t\t<a href=\"https:\/\/dozivi-ruse.si\/en\/cat_por\/kulinarika\/\">Cuisine<\/a>\n\t\t\t<\/span>\n\t\t\t<span class=\"separator\">\n\t\t\t\t\t\t\t<\/span>\n\t\t\t\t\t\t\t\t\t\t<\/div>\n\t\t\t\t\t\t\t\t\t\t\t\t\t\t\t\t\t\t\t\t\t\t<h2 class=\"title\">\n\t\t\t\t\t\t\t\t\t<a class=\"second_font\" href=\"https:\/\/dozivi-ruse.si\/en\/ova_por\/pizzeria-plus\/\">\n\t\t\t\t\t\t\t\t\t\tPizzeria PLUS\t\t\t\t\t\t\t\t\t<\/a>\n\t\t\t\t\t\t\t\t<\/h2>\n\t\t\t\t\t\t\t\t\t\t\t\t\t\t\t\t\t\t\t\t\t\t<div class=\"readmore\">\n\t\t\t\t\t\t\t\t\t<a href=\"https:\/\/dozivi-ruse.si\/en\/ova_por\/pizzeria-plus\/\" title=\"Pizzeria PLUS\">\n\t\t\t\t\t\t\t\t\t\t<i data-feather=\"arrow-right\"><\/i>\n\t\t\t\t\t\t\t\t\t<\/a>\n\t\t\t\t\t\t\t\t<\/div>\n\t\t\t\t\t\t\t\t\t\t\t\t\t<\/div>\n\t\t\t\t\t\t\t\t\t\t\t\t<\/div>\n\n\t\t\t\t\t\t\t<div class=\"ovapor-item 69\">\n\t\t\t\t\t\t\t\t\t<a href=\"https:\/\/dozivi-ruse.si\/en\/ova_por\/hotel-veter\/\" >\n\t\t\t\t\t\t\t\t\t\t\t\t<img decoding=\"async\" src=\"https:\/\/dozivi-ruse.si\/wp-content\/uploads\/2022\/08\/hotel_veter_feature-1-600x450.jpg\" alt=\"Hotel Veter\">\n\t\t\t\t\t<\/a>\n\n\t\t\t\t\t\t\t\t\t\t\t<div class=\"content-item\">\n\t\t\t\t\t\t\t\t\t\t\t\t\t\t\t<div class=\"category\">\n\t\t\t\t\t\t\t\t\t\t\t\t<span class=\"cat-por\">\n\t\t\t\t<a href=\"https:\/\/dozivi-ruse.si\/en\/cat_por\/kulinarika\/\">Cuisine<\/a>\n\t\t\t<\/span>\n\t\t\t<span class=\"separator\">\n\t\t\t\t\t\t\t<\/span>\n\t\t\t\t\t\t\t\t\t\t<\/div>\n\t\t\t\t\t\t\t\t\t\t\t\t\t\t\t\t\t\t\t\t\t\t<h2 class=\"title\">\n\t\t\t\t\t\t\t\t\t<a class=\"second_font\" href=\"https:\/\/dozivi-ruse.si\/en\/ova_por\/hotel-veter\/\">\n\t\t\t\t\t\t\t\t\t\tHotel Veter\t\t\t\t\t\t\t\t\t<\/a>\n\t\t\t\t\t\t\t\t<\/h2>\n\t\t\t\t\t\t\t\t\t\t\t\t\t\t\t\t\t\t\t\t\t\t<div class=\"readmore\">\n\t\t\t\t\t\t\t\t\t<a href=\"https:\/\/dozivi-ruse.si\/en\/ova_por\/hotel-veter\/\" title=\"Hotel Veter\">\n\t\t\t\t\t\t\t\t\t\t<i data-feather=\"arrow-right\"><\/i>\n\t\t\t\t\t\t\t\t\t<\/a>\n\t\t\t\t\t\t\t\t<\/div>\n\t\t\t\t\t\t\t\t\t\t\t\t\t<\/div>\n\t\t\t\t\t\t\t\t\t\t\t\t<\/div>\n\n\t\t\t\t\t\t\t<div class=\"ovapor-item 69\">\n\t\t\t\t\t\t\t\t\t<a href=\"https:\/\/dozivi-ruse.si\/en\/ova_por\/gostisce-ribic\/\" >\n\t\t\t\t\t\t\t\t\t\t\t\t<img decoding=\"async\" src=\"https:\/\/dozivi-ruse.si\/wp-content\/uploads\/2022\/09\/ribic_feat-600x450.jpg\" alt=\"Gosti\u0161\u010de Ribi\u010d\">\n\t\t\t\t\t<\/a>\n\n\t\t\t\t\t\t\t\t\t\t\t<div class=\"content-item\">\n\t\t\t\t\t\t\t\t\t\t\t\t\t\t\t<div class=\"category\">\n\t\t\t\t\t\t\t\t\t\t\t\t<span class=\"cat-por\">\n\t\t\t\t<a href=\"https:\/\/dozivi-ruse.si\/en\/cat_por\/kulinarika\/\">Cuisine<\/a>\n\t\t\t<\/span>\n\t\t\t<span class=\"separator\">\n\t\t\t\t\t\t\t<\/span>\n\t\t\t\t\t\t\t\t\t\t<\/div>\n\t\t\t\t\t\t\t\t\t\t\t\t\t\t\t\t\t\t\t\t\t\t<h2 class=\"title\">\n\t\t\t\t\t\t\t\t\t<a class=\"second_font\" href=\"https:\/\/dozivi-ruse.si\/en\/ova_por\/gostisce-ribic\/\">\n\t\t\t\t\t\t\t\t\t\tGuesthouse Ribi\u010d\t\t\t\t\t\t\t\t\t<\/a>\n\t\t\t\t\t\t\t\t<\/h2>\n\t\t\t\t\t\t\t\t\t\t\t\t\t\t\t\t\t\t\t\t\t\t<div class=\"readmore\">\n\t\t\t\t\t\t\t\t\t<a href=\"https:\/\/dozivi-ruse.si\/en\/ova_por\/gostisce-ribic\/\" title=\"Guesthouse Ribi\u010d\">\n\t\t\t\t\t\t\t\t\t\t<i data-feather=\"arrow-right\"><\/i>\n\t\t\t\t\t\t\t\t\t<\/a>\n\t\t\t\t\t\t\t\t<\/div>\n\t\t\t\t\t\t\t\t\t\t\t\t\t<\/div>\n\t\t\t\t\t\t\t\t\t\t\t\t<\/div>\n\n\t\t\t\t\t\t\t<div class=\"ovapor-item 69\">\n\t\t\t\t\t\t\t\t\t<a href=\"https:\/\/dozivi-ruse.si\/en\/ova_por\/vernik\/\" >\n\t\t\t\t\t\t\t\t\t\t\t\t<img decoding=\"async\" src=\"https:\/\/dozivi-ruse.si\/wp-content\/uploads\/2022\/09\/vernik_featured-1-600x450.jpg\" alt=\"Vernik\">\n\t\t\t\t\t<\/a>\n\n\t\t\t\t\t\t\t\t\t\t\t<div class=\"content-item\">\n\t\t\t\t\t\t\t\t\t\t\t\t\t\t\t<div class=\"category\">\n\t\t\t\t\t\t\t\t\t\t\t\t<span class=\"cat-por\">\n\t\t\t\t<a href=\"https:\/\/dozivi-ruse.si\/en\/cat_por\/kulinarika\/\">Cuisine<\/a>\n\t\t\t<\/span>\n\t\t\t<span class=\"separator\">\n\t\t\t\t\t\t\t<\/span>\n\t\t\t\t\t\t\t\t\t\t<\/div>\n\t\t\t\t\t\t\t\t\t\t\t\t\t\t\t\t\t\t\t\t\t\t<h2 class=\"title\">\n\t\t\t\t\t\t\t\t\t<a class=\"second_font\" href=\"https:\/\/dozivi-ruse.si\/en\/ova_por\/vernik\/\">\n\t\t\t\t\t\t\t\t\t\tVernik\t\t\t\t\t\t\t\t\t<\/a>\n\t\t\t\t\t\t\t\t<\/h2>\n\t\t\t\t\t\t\t\t\t\t\t\t\t\t\t\t\t\t\t\t\t\t<div class=\"readmore\">\n\t\t\t\t\t\t\t\t\t<a href=\"https:\/\/dozivi-ruse.si\/en\/ova_por\/vernik\/\" title=\"Vernik\">\n\t\t\t\t\t\t\t\t\t\t<i data-feather=\"arrow-right\"><\/i>\n\t\t\t\t\t\t\t\t\t<\/a>\n\t\t\t\t\t\t\t\t<\/div>\n\t\t\t\t\t\t\t\t\t\t\t\t\t<\/div>\n\t\t\t\t\t\t\t\t\t\t\t\t<\/div>\n\n\t\t\t<\/div>\n<\/div>\n\n\t\t\t\t<\/div>\n\t\t\t\t<\/div>\n\t\t\t\t<div class=\"elementor-element elementor-element-5ea8bb9 elementor-widget elementor-widget-spacer\" data-id=\"5ea8bb9\" data-element_type=\"widget\" data-e-type=\"widget\" data-widget_type=\"spacer.default\">\n\t\t\t\t<div class=\"elementor-widget-container\">\n\t\t\t\t\t\t\t<div class=\"elementor-spacer\">\n\t\t\t<div class=\"elementor-spacer-inner\"><\/div>\n\t\t<\/div>\n\t\t\t\t\t\t<\/div>\n\t\t\t\t<\/div>\n\t\t\t\t\t<\/div>\n\t\t<\/div>\n\t\t\t\t\t<\/div>\n\t\t<\/section>\n\t\t\t\t<section class=\"elementor-section elementor-top-section elementor-element elementor-element-4b26b933 elementor-section-boxed elementor-section-height-default elementor-section-height-default\" data-id=\"4b26b933\" data-element_type=\"section\" data-e-type=\"section\">\n\t\t\t\t\t\t<div class=\"elementor-container elementor-column-gap-default\">\n\t\t\t\t\t<div class=\"elementor-column elementor-col-25 elementor-top-column elementor-element elementor-element-44f2e1e8\" data-id=\"44f2e1e8\" data-element_type=\"column\" data-e-type=\"column\">\n\t\t\t<div class=\"elementor-widget-wrap elementor-element-populated\">\n\t\t\t\t\t\t<div class=\"elementor-element elementor-element-71cf498 elementor-flip-box--effect-flip elementor-flip-box--direction-up elementor-widget elementor-widget-global elementor-global-7929 elementor-widget-flip-box\" data-id=\"71cf498\" data-element_type=\"widget\" data-e-type=\"widget\" data-widget_type=\"flip-box.default\">\n\t\t\t\t<div class=\"elementor-widget-container\">\n\t\t\t\t\t\t\t<div class=\"elementor-flip-box\" tabindex=\"0\">\n\t\t\t<div class=\"elementor-flip-box__layer elementor-flip-box__front\">\n\t\t\t\t<div class=\"elementor-flip-box__layer__overlay\">\n\t\t\t\t\t<div class=\"elementor-flip-box__layer__inner\">\n\t\t\t\t\t\t\t\t\t\t\t\t\t<div class=\"elementor-icon-wrapper elementor-view-default\">\n\t\t\t\t\t\t\t\t<div class=\"elementor-icon\">\n\t\t\t\t\t\t\t\t\t<i aria-hidden=\"true\" class=\"fas fa-bed\"><\/i>\t\t\t\t\t\t\t\t<\/div>\n\t\t\t\t\t\t\t<\/div>\n\t\t\t\t\t\t\n\t\t\t\t\t\t\t\t\t\t\t\t\t<h3 class=\"elementor-flip-box__layer__title\">\n\t\t\t\t\t\t\t\tACCOMMODATIONS\t\t\t\t\t\t\t<\/h3>\n\t\t\t\t\t\t\n\t\t\t\t\t\t\t\t\t\t\t\t\t<div class=\"elementor-flip-box__layer__description\">\n\t\t\t\t\t\t\t\tSee the offer of accommodation capacities in the city.\t\t\t\t\t\t\t<\/div>\n\t\t\t\t\t\t\t\t\t\t\t<\/div>\n\t\t\t\t<\/div>\n\t\t\t<\/div>\n\t\t\t<div class=\"elementor-flip-box__layer elementor-flip-box__back\">\n\t\t\t<div class=\"elementor-flip-box__layer__overlay\">\n\t\t\t\t<div class=\"elementor-flip-box__layer__inner\">\n\t\t\t\t\t\t\t\t\t\t\t<h3 class=\"elementor-flip-box__layer__title\">\n\t\t\t\t\t\t\tACCOMMODATIONS\t\t\t\t\t\t<\/h3>\n\t\t\t\t\t\n\t\t\t\t\t\n\t\t\t\t\t\t\t\t\t\t\t<a class=\"elementor-flip-box__button elementor-button elementor-size-xs\" href=\"https:\/\/dozivi-ruse.si\/en\/namestitve\/\">\n\t\t\t\t\t\t\tOverview of the offer\t\t\t\t\t\t<\/a>\n\t\t\t\t\t\t\t\t<\/div>\n\t\t<\/div>\n\t\t<\/div>\n\t\t<\/div>\n\t\t\t\t\t\t<\/div>\n\t\t\t\t<\/div>\n\t\t\t\t\t<\/div>\n\t\t<\/div>\n\t\t\t\t<div class=\"elementor-column elementor-col-25 elementor-top-column elementor-element elementor-element-76e93819\" data-id=\"76e93819\" data-element_type=\"column\" data-e-type=\"column\">\n\t\t\t<div class=\"elementor-widget-wrap elementor-element-populated\">\n\t\t\t\t\t\t<div class=\"elementor-element elementor-element-47555b91 elementor-flip-box--effect-flip elementor-flip-box--direction-up elementor-widget elementor-widget-global elementor-global-7932 elementor-widget-flip-box\" data-id=\"47555b91\" data-element_type=\"widget\" data-e-type=\"widget\" data-widget_type=\"flip-box.default\">\n\t\t\t\t<div class=\"elementor-widget-container\">\n\t\t\t\t\t\t\t<div class=\"elementor-flip-box\" tabindex=\"0\">\n\t\t\t<div class=\"elementor-flip-box__layer elementor-flip-box__front\">\n\t\t\t\t<div class=\"elementor-flip-box__layer__overlay\">\n\t\t\t\t\t<div class=\"elementor-flip-box__layer__inner\">\n\t\t\t\t\t\t\t\t\t\t\t\t\t<div class=\"elementor-icon-wrapper elementor-view-default\">\n\t\t\t\t\t\t\t\t<div class=\"elementor-icon\">\n\t\t\t\t\t\t\t\t\t<i aria-hidden=\"true\" class=\"fas fa-cocktail\"><\/i>\t\t\t\t\t\t\t\t<\/div>\n\t\t\t\t\t\t\t<\/div>\n\t\t\t\t\t\t\n\t\t\t\t\t\t\t\t\t\t\t\t\t<h3 class=\"elementor-flip-box__layer__title\">\n\t\t\t\t\t\t\t\tCULINARY IN THE CITY\t\t\t\t\t\t\t<\/h3>\n\t\t\t\t\t\t\n\t\t\t\t\t\t\t\t\t\t\t\t\t<div class=\"elementor-flip-box__layer__description\">\n\t\t\t\t\t\t\t\tSee the current catering offer. \t\t\t\t\t\t\t<\/div>\n\t\t\t\t\t\t\t\t\t\t\t<\/div>\n\t\t\t\t<\/div>\n\t\t\t<\/div>\n\t\t\t<div class=\"elementor-flip-box__layer elementor-flip-box__back\">\n\t\t\t<div class=\"elementor-flip-box__layer__overlay\">\n\t\t\t\t<div class=\"elementor-flip-box__layer__inner\">\n\t\t\t\t\t\t\t\t\t\t\t<h3 class=\"elementor-flip-box__layer__title\">\n\t\t\t\t\t\t\tCULINARY\t\t\t\t\t\t<\/h3>\n\t\t\t\t\t\n\t\t\t\t\t\n\t\t\t\t\t\t\t\t\t\t\t<a class=\"elementor-flip-box__button elementor-button elementor-size-xs\" href=\"https:\/\/dozivi-ruse.si\/en\/kulinarika\/\">\n\t\t\t\t\t\t\tOverview of the offer\t\t\t\t\t\t<\/a>\n\t\t\t\t\t\t\t\t<\/div>\n\t\t<\/div>\n\t\t<\/div>\n\t\t<\/div>\n\t\t\t\t\t\t<\/div>\n\t\t\t\t<\/div>\n\t\t\t\t\t<\/div>\n\t\t<\/div>\n\t\t\t\t<div class=\"elementor-column elementor-col-25 elementor-top-column elementor-element elementor-element-53e72667\" data-id=\"53e72667\" data-element_type=\"column\" data-e-type=\"column\">\n\t\t\t<div class=\"elementor-widget-wrap elementor-element-populated\">\n\t\t\t\t\t\t<div class=\"elementor-element elementor-element-77db2e35 elementor-flip-box--effect-flip elementor-flip-box--direction-up elementor-widget elementor-widget-global elementor-global-7935 elementor-widget-flip-box\" data-id=\"77db2e35\" data-element_type=\"widget\" data-e-type=\"widget\" data-widget_type=\"flip-box.default\">\n\t\t\t\t<div class=\"elementor-widget-container\">\n\t\t\t\t\t\t\t<div class=\"elementor-flip-box\" tabindex=\"0\">\n\t\t\t<div class=\"elementor-flip-box__layer elementor-flip-box__front\">\n\t\t\t\t<div class=\"elementor-flip-box__layer__overlay\">\n\t\t\t\t\t<div class=\"elementor-flip-box__layer__inner\">\n\t\t\t\t\t\t\t\t\t\t\t\t\t<div class=\"elementor-icon-wrapper elementor-view-default\">\n\t\t\t\t\t\t\t\t<div class=\"elementor-icon\">\n\t\t\t\t\t\t\t\t\t<i aria-hidden=\"true\" class=\"fas fa-bicycle\"><\/i>\t\t\t\t\t\t\t\t<\/div>\n\t\t\t\t\t\t\t<\/div>\n\t\t\t\t\t\t\n\t\t\t\t\t\t\t\t\t\t\t\t\t<h3 class=\"elementor-flip-box__layer__title\">\n\t\t\t\t\t\t\t\tEXPERIENCES\t\t\t\t\t\t\t<\/h3>\n\t\t\t\t\t\t\n\t\t\t\t\t\t\t\t\t\t\t\t\t<div class=\"elementor-flip-box__layer__description\">\n\t\t\t\t\t\t\t\tSee the current range of experiences.\t\t\t\t\t\t\t<\/div>\n\t\t\t\t\t\t\t\t\t\t\t<\/div>\n\t\t\t\t<\/div>\n\t\t\t<\/div>\n\t\t\t<div class=\"elementor-flip-box__layer elementor-flip-box__back\">\n\t\t\t<div class=\"elementor-flip-box__layer__overlay\">\n\t\t\t\t<div class=\"elementor-flip-box__layer__inner\">\n\t\t\t\t\t\t\t\t\t\t\t<h3 class=\"elementor-flip-box__layer__title\">\n\t\t\t\t\t\t\tACTIVITIES\t\t\t\t\t\t<\/h3>\n\t\t\t\t\t\n\t\t\t\t\t\n\t\t\t\t\t\t\t\t\t\t\t<a class=\"elementor-flip-box__button elementor-button elementor-size-xs\" href=\"https:\/\/dozivi-ruse.si\/en\/dozivetja-2\/\">\n\t\t\t\t\t\t\tOverview of the offer\t\t\t\t\t\t<\/a>\n\t\t\t\t\t\t\t\t<\/div>\n\t\t<\/div>\n\t\t<\/div>\n\t\t<\/div>\n\t\t\t\t\t\t<\/div>\n\t\t\t\t<\/div>\n\t\t\t\t\t<\/div>\n\t\t<\/div>\n\t\t\t\t<div class=\"elementor-column elementor-col-25 elementor-top-column elementor-element elementor-element-1137f15e\" data-id=\"1137f15e\" data-element_type=\"column\" data-e-type=\"column\">\n\t\t\t<div class=\"elementor-widget-wrap elementor-element-populated\">\n\t\t\t\t\t\t<div class=\"elementor-element elementor-element-6554f93 elementor-flip-box--effect-flip elementor-flip-box--direction-up elementor-widget elementor-widget-global elementor-global-7938 elementor-widget-flip-box\" data-id=\"6554f93\" data-element_type=\"widget\" data-e-type=\"widget\" data-widget_type=\"flip-box.default\">\n\t\t\t\t<div class=\"elementor-widget-container\">\n\t\t\t\t\t\t\t<div class=\"elementor-flip-box\" tabindex=\"0\">\n\t\t\t<div class=\"elementor-flip-box__layer elementor-flip-box__front\">\n\t\t\t\t<div class=\"elementor-flip-box__layer__overlay\">\n\t\t\t\t\t<div class=\"elementor-flip-box__layer__inner\">\n\t\t\t\t\t\t\t\t\t\t\t\t\t<div class=\"elementor-icon-wrapper elementor-view-default\">\n\t\t\t\t\t\t\t\t<div class=\"elementor-icon\">\n\t\t\t\t\t\t\t\t\t<i aria-hidden=\"true\" class=\"fas fa-map-marked-alt\"><\/i>\t\t\t\t\t\t\t\t<\/div>\n\t\t\t\t\t\t\t<\/div>\n\t\t\t\t\t\t\n\t\t\t\t\t\t\t\t\t\t\t\t\t<h3 class=\"elementor-flip-box__layer__title\">\n\t\t\t\t\t\t\t\tHOW TO GET TO RU\u0160E?\t\t\t\t\t\t\t<\/h3>\n\t\t\t\t\t\t\n\t\t\t\t\t\t\t\t\t\t\t\t\t<div class=\"elementor-flip-box__layer__description\">\n\t\t\t\t\t\t\t\tLocation\t\t\t\t\t\t\t<\/div>\n\t\t\t\t\t\t\t\t\t\t\t<\/div>\n\t\t\t\t<\/div>\n\t\t\t<\/div>\n\t\t\t<div class=\"elementor-flip-box__layer elementor-flip-box__back\">\n\t\t\t<div class=\"elementor-flip-box__layer__overlay\">\n\t\t\t\t<div class=\"elementor-flip-box__layer__inner\">\n\t\t\t\t\t\t\t\t\t\t\t<h3 class=\"elementor-flip-box__layer__title\">\n\t\t\t\t\t\t\tHOW TO REACH US\t\t\t\t\t\t<\/h3>\n\t\t\t\t\t\n\t\t\t\t\t\n\t\t\t\t\t\t\t\t\t\t\t<a class=\"elementor-flip-box__button elementor-button elementor-size-xs\" href=\"https:\/\/dozivi-ruse.si\/en\/kako-do-nas\/\">\n\t\t\t\t\t\t\tShow map\t\t\t\t\t\t<\/a>\n\t\t\t\t\t\t\t\t<\/div>\n\t\t<\/div>\n\t\t<\/div>\n\t\t<\/div>\n\t\t\t\t\t\t<\/div>\n\t\t\t\t<\/div>\n\t\t\t\t\t<\/div>\n\t\t<\/div>\n\t\t\t\t\t<\/div>\n\t\t<\/section>\n\t\t\t\t<\/div>","protected":false},"excerpt":{"rendered":"<p>Kulinarika Gosti\u0161\u010de Ribi\u010d Kulinarika Hotel Veter Kulinarika Martnica Kulinarika Pizzeria PLUS Kulinarika , Namestitev Posestvo \u0160umik PONUDBA NAMESTITEV Oglejte si ponudbo namestitevnih kapacitet v mestu. NAMESTITVE V RU\u0160AH Pregled ponudbe KULINARIKA V MESTU Oglejte si aktualno gostinsko ponudbo KULINARIKA Pregled ponudbe DO\u017dIVETJA Oglejte si aktualno ponudbo do\u017eivetij. AKTIVNOSTI Pregled ponudbe KAKO DO RU\u0160? Lokacija KAKO [&hellip;]<\/p>\n","protected":false},"author":1,"featured_media":5743,"parent":0,"menu_order":0,"comment_status":"closed","ping_status":"closed","template":"","meta":{"give_campaign_id":0,"footnotes":""},"class_list":["post-5741","page","type-page","status-publish","has-post-thumbnail","hentry"],"yoast_head":"<!-- This site is optimized with the Yoast SEO plugin v27.4 - https:\/\/yoast.com\/product\/yoast-seo-wordpress\/ -->\n<title>Kulinarika - Do\u017eivi Ru\u0161e<\/title>\n<meta name=\"robots\" content=\"index, follow, max-snippet:-1, max-image-preview:large, max-video-preview:-1\" \/>\n<link rel=\"canonical\" href=\"https:\/\/dozivi-ruse.si\/en\/kulinarika\/\" \/>\n<meta property=\"og:locale\" content=\"en_GB\" \/>\n<meta property=\"og:type\" content=\"article\" \/>\n<meta property=\"og:title\" content=\"Kulinarika - Do\u017eivi Ru\u0161e\" \/>\n<meta property=\"og:description\" content=\"Kulinarika Gosti\u0161\u010de Ribi\u010d Kulinarika Hotel Veter Kulinarika Martnica Kulinarika Pizzeria PLUS Kulinarika , Namestitev Posestvo \u0160umik PONUDBA NAMESTITEV Oglejte si ponudbo namestitevnih kapacitet v mestu. NAMESTITVE V RU\u0160AH Pregled ponudbe KULINARIKA V MESTU Oglejte si aktualno gostinsko ponudbo KULINARIKA Pregled ponudbe DO\u017dIVETJA Oglejte si aktualno ponudbo do\u017eivetij. AKTIVNOSTI Pregled ponudbe KAKO DO RU\u0160? Lokacija KAKO [&hellip;]\" \/>\n<meta property=\"og:url\" content=\"https:\/\/dozivi-ruse.si\/en\/kulinarika\/\" \/>\n<meta property=\"og:site_name\" content=\"Do\u017eivi Ru\u0161e\" \/>\n<meta property=\"article:modified_time\" content=\"2022-09-29T20:43:31+00:00\" \/>\n<meta property=\"og:image\" content=\"https:\/\/dozivi-ruse.si\/wp-content\/uploads\/2022\/05\/chef-cooking-food-restaurant-kitchen.jpg\" \/>\n\t<meta property=\"og:image:width\" content=\"1920\" \/>\n\t<meta property=\"og:image:height\" content=\"300\" \/>\n\t<meta property=\"og:image:type\" content=\"image\/jpeg\" \/>\n<meta name=\"twitter:card\" content=\"summary_large_image\" \/>\n<script type=\"application\/ld+json\" class=\"yoast-schema-graph\">{\"@context\":\"https:\\\/\\\/schema.org\",\"@graph\":[{\"@type\":\"WebPage\",\"@id\":\"https:\\\/\\\/dozivi-ruse.si\\\/kulinarika\\\/\",\"url\":\"https:\\\/\\\/dozivi-ruse.si\\\/kulinarika\\\/\",\"name\":\"Kulinarika - Do\u017eivi Ru\u0161e\",\"isPartOf\":{\"@id\":\"https:\\\/\\\/dozivi-ruse.si\\\/#website\"},\"primaryImageOfPage\":{\"@id\":\"https:\\\/\\\/dozivi-ruse.si\\\/kulinarika\\\/#primaryimage\"},\"image\":{\"@id\":\"https:\\\/\\\/dozivi-ruse.si\\\/kulinarika\\\/#primaryimage\"},\"thumbnailUrl\":\"https:\\\/\\\/dozivi-ruse.si\\\/wp-content\\\/uploads\\\/2022\\\/05\\\/chef-cooking-food-restaurant-kitchen.jpg\",\"datePublished\":\"2022-05-29T19:47:14+00:00\",\"dateModified\":\"2022-09-29T20:43:31+00:00\",\"breadcrumb\":{\"@id\":\"https:\\\/\\\/dozivi-ruse.si\\\/kulinarika\\\/#breadcrumb\"},\"inLanguage\":\"en-GB\",\"potentialAction\":[{\"@type\":\"ReadAction\",\"target\":[\"https:\\\/\\\/dozivi-ruse.si\\\/kulinarika\\\/\"]}]},{\"@type\":\"ImageObject\",\"inLanguage\":\"en-GB\",\"@id\":\"https:\\\/\\\/dozivi-ruse.si\\\/kulinarika\\\/#primaryimage\",\"url\":\"https:\\\/\\\/dozivi-ruse.si\\\/wp-content\\\/uploads\\\/2022\\\/05\\\/chef-cooking-food-restaurant-kitchen.jpg\",\"contentUrl\":\"https:\\\/\\\/dozivi-ruse.si\\\/wp-content\\\/uploads\\\/2022\\\/05\\\/chef-cooking-food-restaurant-kitchen.jpg\",\"width\":1920,\"height\":300},{\"@type\":\"BreadcrumbList\",\"@id\":\"https:\\\/\\\/dozivi-ruse.si\\\/kulinarika\\\/#breadcrumb\",\"itemListElement\":[{\"@type\":\"ListItem\",\"position\":1,\"name\":\"Home\",\"item\":\"https:\\\/\\\/dozivi-ruse.si\\\/\"},{\"@type\":\"ListItem\",\"position\":2,\"name\":\"Kulinarika\"}]},{\"@type\":\"WebSite\",\"@id\":\"https:\\\/\\\/dozivi-ruse.si\\\/#website\",\"url\":\"https:\\\/\\\/dozivi-ruse.si\\\/\",\"name\":\"Do\u017eivi Ru\u0161e\",\"description\":\"Zeleno srce med Pohorjem in Dravo\",\"publisher\":{\"@id\":\"https:\\\/\\\/dozivi-ruse.si\\\/#organization\"},\"potentialAction\":[{\"@type\":\"SearchAction\",\"target\":{\"@type\":\"EntryPoint\",\"urlTemplate\":\"https:\\\/\\\/dozivi-ruse.si\\\/?s={search_term_string}\"},\"query-input\":{\"@type\":\"PropertyValueSpecification\",\"valueRequired\":true,\"valueName\":\"search_term_string\"}}],\"inLanguage\":\"en-GB\"},{\"@type\":\"Organization\",\"@id\":\"https:\\\/\\\/dozivi-ruse.si\\\/#organization\",\"name\":\"Do\u017eivi Ru\u0161e\",\"url\":\"https:\\\/\\\/dozivi-ruse.si\\\/\",\"logo\":{\"@type\":\"ImageObject\",\"inLanguage\":\"en-GB\",\"@id\":\"https:\\\/\\\/dozivi-ruse.si\\\/#\\\/schema\\\/logo\\\/image\\\/\",\"url\":\"https:\\\/\\\/dozivi-ruse.si\\\/wp-content\\\/uploads\\\/2020\\\/07\\\/cropped-favicon.jpg\",\"contentUrl\":\"https:\\\/\\\/dozivi-ruse.si\\\/wp-content\\\/uploads\\\/2020\\\/07\\\/cropped-favicon.jpg\",\"width\":512,\"height\":512,\"caption\":\"Do\u017eivi Ru\u0161e\"},\"image\":{\"@id\":\"https:\\\/\\\/dozivi-ruse.si\\\/#\\\/schema\\\/logo\\\/image\\\/\"}}]}<\/script>\n<!-- \/ Yoast SEO plugin. -->","yoast_head_json":{"title":"Kulinarika - Do\u017eivi Ru\u0161e","robots":{"index":"index","follow":"follow","max-snippet":"max-snippet:-1","max-image-preview":"max-image-preview:large","max-video-preview":"max-video-preview:-1"},"canonical":"https:\/\/dozivi-ruse.si\/en\/kulinarika\/","og_locale":"en_GB","og_type":"article","og_title":"Kulinarika - Do\u017eivi Ru\u0161e","og_description":"Kulinarika Gosti\u0161\u010de Ribi\u010d Kulinarika Hotel Veter Kulinarika Martnica Kulinarika Pizzeria PLUS Kulinarika , Namestitev Posestvo \u0160umik PONUDBA NAMESTITEV Oglejte si ponudbo namestitevnih kapacitet v mestu. NAMESTITVE V RU\u0160AH Pregled ponudbe KULINARIKA V MESTU Oglejte si aktualno gostinsko ponudbo KULINARIKA Pregled ponudbe DO\u017dIVETJA Oglejte si aktualno ponudbo do\u017eivetij. AKTIVNOSTI Pregled ponudbe KAKO DO RU\u0160? Lokacija KAKO [&hellip;]","og_url":"https:\/\/dozivi-ruse.si\/en\/kulinarika\/","og_site_name":"Do\u017eivi Ru\u0161e","article_modified_time":"2022-09-29T20:43:31+00:00","og_image":[{"width":1920,"height":300,"url":"https:\/\/dozivi-ruse.si\/wp-content\/uploads\/2022\/05\/chef-cooking-food-restaurant-kitchen.jpg","type":"image\/jpeg"}],"twitter_card":"summary_large_image","schema":{"@context":"https:\/\/schema.org","@graph":[{"@type":"WebPage","@id":"https:\/\/dozivi-ruse.si\/kulinarika\/","url":"https:\/\/dozivi-ruse.si\/kulinarika\/","name":"Kulinarika - Do\u017eivi Ru\u0161e","isPartOf":{"@id":"https:\/\/dozivi-ruse.si\/#website"},"primaryImageOfPage":{"@id":"https:\/\/dozivi-ruse.si\/kulinarika\/#primaryimage"},"image":{"@id":"https:\/\/dozivi-ruse.si\/kulinarika\/#primaryimage"},"thumbnailUrl":"https:\/\/dozivi-ruse.si\/wp-content\/uploads\/2022\/05\/chef-cooking-food-restaurant-kitchen.jpg","datePublished":"2022-05-29T19:47:14+00:00","dateModified":"2022-09-29T20:43:31+00:00","breadcrumb":{"@id":"https:\/\/dozivi-ruse.si\/kulinarika\/#breadcrumb"},"inLanguage":"en-GB","potentialAction":[{"@type":"ReadAction","target":["https:\/\/dozivi-ruse.si\/kulinarika\/"]}]},{"@type":"ImageObject","inLanguage":"en-GB","@id":"https:\/\/dozivi-ruse.si\/kulinarika\/#primaryimage","url":"https:\/\/dozivi-ruse.si\/wp-content\/uploads\/2022\/05\/chef-cooking-food-restaurant-kitchen.jpg","contentUrl":"https:\/\/dozivi-ruse.si\/wp-content\/uploads\/2022\/05\/chef-cooking-food-restaurant-kitchen.jpg","width":1920,"height":300},{"@type":"BreadcrumbList","@id":"https:\/\/dozivi-ruse.si\/kulinarika\/#breadcrumb","itemListElement":[{"@type":"ListItem","position":1,"name":"Home","item":"https:\/\/dozivi-ruse.si\/"},{"@type":"ListItem","position":2,"name":"Kulinarika"}]},{"@type":"WebSite","@id":"https:\/\/dozivi-ruse.si\/#website","url":"https:\/\/dozivi-ruse.si\/","name":"Do\u017eivi Ru\u0161e","description":"Zeleno srce med Pohorjem in Dravo","publisher":{"@id":"https:\/\/dozivi-ruse.si\/#organization"},"potentialAction":[{"@type":"SearchAction","target":{"@type":"EntryPoint","urlTemplate":"https:\/\/dozivi-ruse.si\/?s={search_term_string}"},"query-input":{"@type":"PropertyValueSpecification","valueRequired":true,"valueName":"search_term_string"}}],"inLanguage":"en-GB"},{"@type":"Organization","@id":"https:\/\/dozivi-ruse.si\/#organization","name":"Do\u017eivi Ru\u0161e","url":"https:\/\/dozivi-ruse.si\/","logo":{"@type":"ImageObject","inLanguage":"en-GB","@id":"https:\/\/dozivi-ruse.si\/#\/schema\/logo\/image\/","url":"https:\/\/dozivi-ruse.si\/wp-content\/uploads\/2020\/07\/cropped-favicon.jpg","contentUrl":"https:\/\/dozivi-ruse.si\/wp-content\/uploads\/2020\/07\/cropped-favicon.jpg","width":512,"height":512,"caption":"Do\u017eivi Ru\u0161e"},"image":{"@id":"https:\/\/dozivi-ruse.si\/#\/schema\/logo\/image\/"}}]}},"campaignId":"","_links":{"self":[{"href":"https:\/\/dozivi-ruse.si\/en\/wp-json\/wp\/v2\/pages\/5741","targetHints":{"allow":["GET"]}}],"collection":[{"href":"https:\/\/dozivi-ruse.si\/en\/wp-json\/wp\/v2\/pages"}],"about":[{"href":"https:\/\/dozivi-ruse.si\/en\/wp-json\/wp\/v2\/types\/page"}],"author":[{"embeddable":true,"href":"https:\/\/dozivi-ruse.si\/en\/wp-json\/wp\/v2\/users\/1"}],"replies":[{"embeddable":true,"href":"https:\/\/dozivi-ruse.si\/en\/wp-json\/wp\/v2\/comments?post=5741"}],"version-history":[{"count":35,"href":"https:\/\/dozivi-ruse.si\/en\/wp-json\/wp\/v2\/pages\/5741\/revisions"}],"predecessor-version":[{"id":8403,"href":"https:\/\/dozivi-ruse.si\/en\/wp-json\/wp\/v2\/pages\/5741\/revisions\/8403"}],"wp:featuredmedia":[{"embeddable":true,"href":"https:\/\/dozivi-ruse.si\/en\/wp-json\/wp\/v2\/media\/5743"}],"wp:attachment":[{"href":"https:\/\/dozivi-ruse.si\/en\/wp-json\/wp\/v2\/media?parent=5741"}],"curies":[{"name":"wp","href":"https:\/\/api.w.org\/{rel}","templated":true}]}}