{"id":6338,"date":"2022-07-27T09:23:31","date_gmt":"2022-07-27T09:23:31","guid":{"rendered":"https:\/\/dozivi-ruse.si\/?page_id=6338"},"modified":"2025-06-02T11:11:57","modified_gmt":"2025-06-02T11:11:57","slug":"narava","status":"publish","type":"page","link":"https:\/\/dozivi-ruse.si\/en\/narava\/","title":{"rendered":"Nature"},"content":{"rendered":"<div data-elementor-type=\"wp-page\" data-elementor-id=\"6338\" class=\"elementor elementor-6338\" data-elementor-post-type=\"page\">\n\t\t\t\t\t\t<section class=\"elementor-section elementor-top-section elementor-element elementor-element-62de2598 elementor-section-height-min-height elementor-hidden-mobile elementor-section-full_width elementor-section-stretched elementor-section-height-default elementor-section-items-middle\" data-id=\"62de2598\" data-element_type=\"section\" data-e-type=\"section\" data-settings=\"{&quot;background_background&quot;:&quot;video&quot;,&quot;background_video_link&quot;:&quot;https:\\\/\\\/youtu.be\\\/JTk32ZhuGxU&quot;,&quot;stretch_section&quot;:&quot;section-stretched&quot;}\">\n\t\t\t\t\t\t\t\t<div class=\"elementor-background-video-container elementor-hidden-mobile\">\n\t\t\t\t\t\t\t\t\t\t\t\t\t<div class=\"elementor-background-video-embed\" role=\"presentation\"><\/div>\n\t\t\t\t\t\t\t\t\t\t\t\t<\/div>\n\t\t\t\t\t\t\t\t\t<div class=\"elementor-background-overlay\"><\/div>\n\t\t\t\t\t\t\t<div class=\"elementor-container elementor-column-gap-default\">\n\t\t\t\t\t<div class=\"elementor-column elementor-col-100 elementor-top-column elementor-element elementor-element-10f532c7\" data-id=\"10f532c7\" data-element_type=\"column\" data-e-type=\"column\">\n\t\t\t<div class=\"elementor-widget-wrap\">\n\t\t\t\t\t\t\t<\/div>\n\t\t<\/div>\n\t\t\t\t\t<\/div>\n\t\t<\/section>\n\t\t\t\t<section class=\"elementor-section elementor-top-section elementor-element elementor-element-979fbdd elementor-section-boxed elementor-section-height-default elementor-section-height-default\" data-id=\"979fbdd\" data-element_type=\"section\" data-e-type=\"section\">\n\t\t\t\t\t\t<div class=\"elementor-container elementor-column-gap-default\">\n\t\t\t\t\t<div class=\"elementor-column elementor-col-100 elementor-top-column elementor-element elementor-element-fa57106\" data-id=\"fa57106\" data-element_type=\"column\" data-e-type=\"column\">\n\t\t\t<div class=\"elementor-widget-wrap elementor-element-populated\">\n\t\t\t\t\t\t<div class=\"elementor-element elementor-element-375f0c6 elementor-widget elementor-widget-spacer\" data-id=\"375f0c6\" data-element_type=\"widget\" data-e-type=\"widget\" data-widget_type=\"spacer.default\">\n\t\t\t\t<div class=\"elementor-widget-container\">\n\t\t\t\t\t\t\t<div class=\"elementor-spacer\">\n\t\t\t<div class=\"elementor-spacer-inner\"><\/div>\n\t\t<\/div>\n\t\t\t\t\t\t<\/div>\n\t\t\t\t<\/div>\n\t\t\t\t<div class=\"elementor-element elementor-element-e850f6f elementor-widget elementor-widget-ova_heading\" data-id=\"e850f6f\" data-element_type=\"widget\" data-e-type=\"widget\" data-widget_type=\"ova_heading.default\">\n\t\t\t\t<div class=\"elementor-widget-container\">\n\t\t\t\t\t\t\t<div class=\"ova-heading\">\n\t\t\t\n\t\t\t\t\t\t\t<h3 class=\"title second_font\">Nature<\/h3>\n\t\t\t\n\t\t\t\t\t\t\t<p class=\"sub-title\">Get to know and visit natural pearls and mysterious corners.<\/p>\n\t\t\t\n\t\t<\/div>\n\t\t\t\t\t\t<\/div>\n\t\t\t\t<\/div>\n\t\t\t\t\t<\/div>\n\t\t<\/div>\n\t\t\t\t\t<\/div>\n\t\t<\/section>\n\t\t\t\t<section class=\"elementor-section elementor-top-section elementor-element elementor-element-edbde8a elementor-section-boxed elementor-section-height-default elementor-section-height-default\" data-id=\"edbde8a\" data-element_type=\"section\" data-e-type=\"section\">\n\t\t\t\t\t\t<div class=\"elementor-container elementor-column-gap-default\">\n\t\t\t\t\t<div class=\"elementor-column elementor-col-100 elementor-top-column elementor-element elementor-element-3401229\" data-id=\"3401229\" data-element_type=\"column\" data-e-type=\"column\">\n\t\t\t<div class=\"elementor-widget-wrap elementor-element-populated\">\n\t\t\t\t\t\t<div class=\"elementor-element elementor-element-8fc5e0d elementor-widget elementor-widget-spacer\" data-id=\"8fc5e0d\" data-element_type=\"widget\" data-e-type=\"widget\" data-widget_type=\"spacer.default\">\n\t\t\t\t<div class=\"elementor-widget-container\">\n\t\t\t\t\t\t\t<div class=\"elementor-spacer\">\n\t\t\t<div class=\"elementor-spacer-inner\"><\/div>\n\t\t<\/div>\n\t\t\t\t\t\t<\/div>\n\t\t\t\t<\/div>\n\t\t\t\t\t<\/div>\n\t\t<\/div>\n\t\t\t\t\t<\/div>\n\t\t<\/section>\n\t\t\t\t<section class=\"elementor-section elementor-top-section elementor-element elementor-element-6d85ec5d elementor-section-boxed elementor-section-height-default elementor-section-height-default\" data-id=\"6d85ec5d\" data-element_type=\"section\" data-e-type=\"section\">\n\t\t\t\t\t\t<div class=\"elementor-container elementor-column-gap-default\">\n\t\t\t\t\t<div class=\"elementor-column elementor-col-25 elementor-top-column elementor-element elementor-element-302efb4f\" data-id=\"302efb4f\" data-element_type=\"column\" data-e-type=\"column\">\n\t\t\t<div class=\"elementor-widget-wrap\">\n\t\t\t\t\t\t\t<\/div>\n\t\t<\/div>\n\t\t\t\t<div class=\"elementor-column elementor-col-25 elementor-top-column elementor-element elementor-element-54d58437\" data-id=\"54d58437\" data-element_type=\"column\" data-e-type=\"column\">\n\t\t\t<div class=\"elementor-widget-wrap\">\n\t\t\t\t\t\t\t<\/div>\n\t\t<\/div>\n\t\t\t\t<div class=\"elementor-column elementor-col-25 elementor-top-column elementor-element elementor-element-7427d7d0\" data-id=\"7427d7d0\" data-element_type=\"column\" data-e-type=\"column\">\n\t\t\t<div class=\"elementor-widget-wrap\">\n\t\t\t\t\t\t\t<\/div>\n\t\t<\/div>\n\t\t\t\t<div class=\"elementor-column elementor-col-25 elementor-top-column elementor-element elementor-element-2260291d\" data-id=\"2260291d\" data-element_type=\"column\" data-e-type=\"column\">\n\t\t\t<div class=\"elementor-widget-wrap\">\n\t\t\t\t\t\t\t<\/div>\n\t\t<\/div>\n\t\t\t\t\t<\/div>\n\t\t<\/section>\n\t\t\t\t<section class=\"elementor-section elementor-top-section elementor-element elementor-element-603752e elementor-section-boxed elementor-section-height-default elementor-section-height-default\" data-id=\"603752e\" data-element_type=\"section\" data-e-type=\"section\">\n\t\t\t\t\t\t<div class=\"elementor-container elementor-column-gap-default\">\n\t\t\t\t\t<div class=\"elementor-column elementor-col-100 elementor-top-column elementor-element elementor-element-82eb0bf\" data-id=\"82eb0bf\" data-element_type=\"column\" data-e-type=\"column\">\n\t\t\t<div class=\"elementor-widget-wrap elementor-element-populated\">\n\t\t\t\t\t\t<div class=\"elementor-element elementor-element-d072791 elementor-grid-3 elementor-grid-tablet-2 elementor-grid-mobile-1 elementor-widget elementor-widget-portfolio\" data-id=\"d072791\" data-element_type=\"widget\" data-e-type=\"widget\" data-settings=\"{&quot;row_gap&quot;:{&quot;unit&quot;:&quot;px&quot;,&quot;size&quot;:10,&quot;sizes&quot;:[]},&quot;columns&quot;:&quot;3&quot;,&quot;columns_tablet&quot;:&quot;2&quot;,&quot;columns_mobile&quot;:&quot;1&quot;,&quot;item_ratio&quot;:{&quot;unit&quot;:&quot;px&quot;,&quot;size&quot;:0.66,&quot;sizes&quot;:[]},&quot;item_gap&quot;:{&quot;unit&quot;:&quot;px&quot;,&quot;size&quot;:&quot;&quot;,&quot;sizes&quot;:[]}}\" data-widget_type=\"portfolio.default\">\n\t\t\t\t<div class=\"elementor-widget-container\">\n\t\t\t\t\t\t\t<div class=\"elementor-portfolio elementor-grid elementor-posts-container\" role=\"list\">\n\t\t\t\t<article class=\"elementor-portfolio-item elementor-post  post-6719 ova_por type-ova_por status-publish has-post-thumbnail hentry cat_por-narava\" role=\"listitem\">\n\t\t\t<a class=\"elementor-post__thumbnail__link\" href=\"https:\/\/dozivi-ruse.si\/en\/ova_por\/falska-pec\/\">\n\t\t\t\t<div class=\"elementor-portfolio-item__img elementor-post__thumbnail\">\n\t\t\t<img fetchpriority=\"high\" decoding=\"async\" width=\"800\" height=\"600\" src=\"https:\/\/dozivi-ruse.si\/wp-content\/uploads\/2022\/07\/Falska-pec.jpg\" class=\"attachment-large size-large wp-image-8647\" alt=\"\" srcset=\"https:\/\/dozivi-ruse.si\/wp-content\/uploads\/2022\/07\/Falska-pec.jpg 800w, https:\/\/dozivi-ruse.si\/wp-content\/uploads\/2022\/07\/Falska-pec-300x225.jpg 300w, https:\/\/dozivi-ruse.si\/wp-content\/uploads\/2022\/07\/Falska-pec-768x576.jpg 768w, https:\/\/dozivi-ruse.si\/wp-content\/uploads\/2022\/07\/Falska-pec-16x12.jpg 16w, https:\/\/dozivi-ruse.si\/wp-content\/uploads\/2022\/07\/Falska-pec-600x450.jpg 600w, https:\/\/dozivi-ruse.si\/wp-content\/uploads\/2022\/07\/Falska-pec-560x420.jpg 560w\" sizes=\"(max-width: 800px) 100vw, 800px\" \/>\t\t<\/div>\n\t\t\t\t<div class=\"elementor-portfolio-item__overlay\">\n\t\t\t\t<h3 class=\"elementor-portfolio-item__title\">\n\t\tFala Cliff\t\t<\/h3>\n\t\t\t\t<\/div>\n\t\t\t\t<\/a>\n\t\t<\/article>\n\t\t\t\t<article class=\"elementor-portfolio-item elementor-post  post-6669 ova_por type-ova_por status-publish has-post-thumbnail hentry cat_por-narava\" role=\"listitem\">\n\t\t\t<a class=\"elementor-post__thumbnail__link\" href=\"https:\/\/dozivi-ruse.si\/en\/ova_por\/drava\/\">\n\t\t\t\t<div class=\"elementor-portfolio-item__img elementor-post__thumbnail\">\n\t\t\t<img decoding=\"async\" width=\"800\" height=\"600\" src=\"https:\/\/dozivi-ruse.si\/wp-content\/uploads\/2022\/07\/Drava_prikazna.jpg\" class=\"attachment-large size-large wp-image-6670\" alt=\"\" srcset=\"https:\/\/dozivi-ruse.si\/wp-content\/uploads\/2022\/07\/Drava_prikazna.jpg 800w, https:\/\/dozivi-ruse.si\/wp-content\/uploads\/2022\/07\/Drava_prikazna-300x225.jpg 300w, https:\/\/dozivi-ruse.si\/wp-content\/uploads\/2022\/07\/Drava_prikazna-768x576.jpg 768w, https:\/\/dozivi-ruse.si\/wp-content\/uploads\/2022\/07\/Drava_prikazna-16x12.jpg 16w, https:\/\/dozivi-ruse.si\/wp-content\/uploads\/2022\/07\/Drava_prikazna-600x450.jpg 600w, https:\/\/dozivi-ruse.si\/wp-content\/uploads\/2022\/07\/Drava_prikazna-560x420.jpg 560w\" sizes=\"(max-width: 800px) 100vw, 800px\" \/>\t\t<\/div>\n\t\t\t\t<div class=\"elementor-portfolio-item__overlay\">\n\t\t\t\t<h3 class=\"elementor-portfolio-item__title\">\n\t\tDrava\t\t<\/h3>\n\t\t\t\t<\/div>\n\t\t\t\t<\/a>\n\t\t<\/article>\n\t\t\t\t<article class=\"elementor-portfolio-item elementor-post  post-6661 ova_por type-ova_por status-publish has-post-thumbnail hentry cat_por-narava\" role=\"listitem\">\n\t\t\t<a class=\"elementor-post__thumbnail__link\" href=\"https:\/\/dozivi-ruse.si\/en\/ova_por\/rusko-pohorje\/\">\n\t\t\t\t<div class=\"elementor-portfolio-item__img elementor-post__thumbnail\">\n\t\t\t<img decoding=\"async\" width=\"800\" height=\"600\" src=\"https:\/\/dozivi-ruse.si\/wp-content\/uploads\/2022\/07\/Rusko-Pohorje-Foto-Olga-Malec1.jpg\" class=\"attachment-large size-large wp-image-6662\" alt=\"\" srcset=\"https:\/\/dozivi-ruse.si\/wp-content\/uploads\/2022\/07\/Rusko-Pohorje-Foto-Olga-Malec1.jpg 800w, https:\/\/dozivi-ruse.si\/wp-content\/uploads\/2022\/07\/Rusko-Pohorje-Foto-Olga-Malec1-300x225.jpg 300w, https:\/\/dozivi-ruse.si\/wp-content\/uploads\/2022\/07\/Rusko-Pohorje-Foto-Olga-Malec1-768x576.jpg 768w, https:\/\/dozivi-ruse.si\/wp-content\/uploads\/2022\/07\/Rusko-Pohorje-Foto-Olga-Malec1-16x12.jpg 16w, https:\/\/dozivi-ruse.si\/wp-content\/uploads\/2022\/07\/Rusko-Pohorje-Foto-Olga-Malec1-600x450.jpg 600w, https:\/\/dozivi-ruse.si\/wp-content\/uploads\/2022\/07\/Rusko-Pohorje-Foto-Olga-Malec1-560x420.jpg 560w\" sizes=\"(max-width: 800px) 100vw, 800px\" \/>\t\t<\/div>\n\t\t\t\t<div class=\"elementor-portfolio-item__overlay\">\n\t\t\t\t<h3 class=\"elementor-portfolio-item__title\">\n\t\tRu\u0161ko Pohorje\t\t<\/h3>\n\t\t\t\t<\/div>\n\t\t\t\t<\/a>\n\t\t<\/article>\n\t\t\t\t<article class=\"elementor-portfolio-item elementor-post  post-6652 ova_por type-ova_por status-publish has-post-thumbnail hentry cat_por-narava\" role=\"listitem\">\n\t\t\t<a class=\"elementor-post__thumbnail__link\" href=\"https:\/\/dozivi-ruse.si\/en\/ova_por\/slap-verna\/\">\n\t\t\t\t<div class=\"elementor-portfolio-item__img elementor-post__thumbnail\">\n\t\t\t<img loading=\"lazy\" decoding=\"async\" width=\"800\" height=\"600\" src=\"https:\/\/dozivi-ruse.si\/wp-content\/uploads\/2022\/07\/Slap-Verna-Foto-Olga-Malec1.jpg\" class=\"attachment-large size-large wp-image-6653\" alt=\"\" srcset=\"https:\/\/dozivi-ruse.si\/wp-content\/uploads\/2022\/07\/Slap-Verna-Foto-Olga-Malec1.jpg 800w, https:\/\/dozivi-ruse.si\/wp-content\/uploads\/2022\/07\/Slap-Verna-Foto-Olga-Malec1-300x225.jpg 300w, https:\/\/dozivi-ruse.si\/wp-content\/uploads\/2022\/07\/Slap-Verna-Foto-Olga-Malec1-768x576.jpg 768w, https:\/\/dozivi-ruse.si\/wp-content\/uploads\/2022\/07\/Slap-Verna-Foto-Olga-Malec1-16x12.jpg 16w, https:\/\/dozivi-ruse.si\/wp-content\/uploads\/2022\/07\/Slap-Verna-Foto-Olga-Malec1-600x450.jpg 600w, https:\/\/dozivi-ruse.si\/wp-content\/uploads\/2022\/07\/Slap-Verna-Foto-Olga-Malec1-560x420.jpg 560w\" sizes=\"(max-width: 800px) 100vw, 800px\" \/>\t\t<\/div>\n\t\t\t\t<div class=\"elementor-portfolio-item__overlay\">\n\t\t\t\t<h3 class=\"elementor-portfolio-item__title\">\n\t\tVerna Waterfall\t\t<\/h3>\n\t\t\t\t<\/div>\n\t\t\t\t<\/a>\n\t\t<\/article>\n\t\t\t\t<article class=\"elementor-portfolio-item elementor-post  post-6642 ova_por type-ova_por status-publish has-post-thumbnail hentry cat_por-izpostavljeno cat_por-narava\" role=\"listitem\">\n\t\t\t<a class=\"elementor-post__thumbnail__link\" href=\"https:\/\/dozivi-ruse.si\/en\/ova_por\/slapova-veliki-in-mali-sumik\/\">\n\t\t\t\t<div class=\"elementor-portfolio-item__img elementor-post__thumbnail\">\n\t\t\t<img loading=\"lazy\" decoding=\"async\" width=\"800\" height=\"600\" src=\"https:\/\/dozivi-ruse.si\/wp-content\/uploads\/2022\/07\/Tia_Schatz_pot_do_slapa_sumik.jpg\" class=\"attachment-large size-large wp-image-6643\" alt=\"\" srcset=\"https:\/\/dozivi-ruse.si\/wp-content\/uploads\/2022\/07\/Tia_Schatz_pot_do_slapa_sumik.jpg 800w, https:\/\/dozivi-ruse.si\/wp-content\/uploads\/2022\/07\/Tia_Schatz_pot_do_slapa_sumik-300x225.jpg 300w, https:\/\/dozivi-ruse.si\/wp-content\/uploads\/2022\/07\/Tia_Schatz_pot_do_slapa_sumik-768x576.jpg 768w, https:\/\/dozivi-ruse.si\/wp-content\/uploads\/2022\/07\/Tia_Schatz_pot_do_slapa_sumik-16x12.jpg 16w, https:\/\/dozivi-ruse.si\/wp-content\/uploads\/2022\/07\/Tia_Schatz_pot_do_slapa_sumik-600x450.jpg 600w, https:\/\/dozivi-ruse.si\/wp-content\/uploads\/2022\/07\/Tia_Schatz_pot_do_slapa_sumik-560x420.jpg 560w\" sizes=\"(max-width: 800px) 100vw, 800px\" \/>\t\t<\/div>\n\t\t\t\t<div class=\"elementor-portfolio-item__overlay\">\n\t\t\t\t<h3 class=\"elementor-portfolio-item__title\">\n\t\tWaterfalls Veliki and Mali \u0160umik\t\t<\/h3>\n\t\t\t\t<\/div>\n\t\t\t\t<\/a>\n\t\t<\/article>\n\t\t\t\t<article class=\"elementor-portfolio-item elementor-post  post-6634 ova_por type-ova_por status-publish has-post-thumbnail hentry cat_por-izpostavljeno cat_por-narava\" role=\"listitem\">\n\t\t\t<a class=\"elementor-post__thumbnail__link\" href=\"https:\/\/dozivi-ruse.si\/en\/ova_por\/dolina-lobnice\/\">\n\t\t\t\t<div class=\"elementor-portfolio-item__img elementor-post__thumbnail\">\n\t\t\t<img loading=\"lazy\" decoding=\"async\" width=\"800\" height=\"600\" src=\"https:\/\/dozivi-ruse.si\/wp-content\/uploads\/2022\/07\/Zlatko-Kokot-Lobnica.jpg\" class=\"attachment-large size-large wp-image-6635\" alt=\"Lobnica - Zlatko Kokot\" srcset=\"https:\/\/dozivi-ruse.si\/wp-content\/uploads\/2022\/07\/Zlatko-Kokot-Lobnica.jpg 800w, https:\/\/dozivi-ruse.si\/wp-content\/uploads\/2022\/07\/Zlatko-Kokot-Lobnica-300x225.jpg 300w, https:\/\/dozivi-ruse.si\/wp-content\/uploads\/2022\/07\/Zlatko-Kokot-Lobnica-768x576.jpg 768w, https:\/\/dozivi-ruse.si\/wp-content\/uploads\/2022\/07\/Zlatko-Kokot-Lobnica-16x12.jpg 16w, https:\/\/dozivi-ruse.si\/wp-content\/uploads\/2022\/07\/Zlatko-Kokot-Lobnica-600x450.jpg 600w, https:\/\/dozivi-ruse.si\/wp-content\/uploads\/2022\/07\/Zlatko-Kokot-Lobnica-560x420.jpg 560w\" sizes=\"(max-width: 800px) 100vw, 800px\" \/>\t\t<\/div>\n\t\t\t\t<div class=\"elementor-portfolio-item__overlay\">\n\t\t\t\t<h3 class=\"elementor-portfolio-item__title\">\n\t\tLobnica Valley\t\t<\/h3>\n\t\t\t\t<\/div>\n\t\t\t\t<\/a>\n\t\t<\/article>\n\t\t\t\t<\/div>\n\t\t\t\t\t\t<\/div>\n\t\t\t\t<\/div>\n\t\t\t\t\t<\/div>\n\t\t<\/div>\n\t\t\t\t\t<\/div>\n\t\t<\/section>\n\t\t\t\t<\/div>","protected":false},"excerpt":{"rendered":"<p>Naravna do\u017eivetja Spoznajte in obi\u0161\u010dite naravne bisere in skrivnostne koti\u010dke.<\/p>","protected":false},"author":2,"featured_media":6345,"parent":0,"menu_order":0,"comment_status":"closed","ping_status":"closed","template":"","meta":{"give_campaign_id":0,"footnotes":""},"class_list":["post-6338","page","type-page","status-publish","has-post-thumbnail","hentry"],"yoast_head":"<!-- This site is optimized with the Yoast SEO plugin v27.6 - https:\/\/yoast.com\/product\/yoast-seo-wordpress\/ -->\n<title>Narava - Do\u017eivi Ru\u0161e<\/title>\n<meta name=\"description\" content=\"Spoznajte in obi\u0161\u010dite naravne bisere in skrivnostne koti\u010dke.\" \/>\n<meta name=\"robots\" content=\"index, follow, max-snippet:-1, max-image-preview:large, max-video-preview:-1\" \/>\n<link rel=\"canonical\" href=\"https:\/\/dozivi-ruse.si\/en\/narava\/\" \/>\n<meta property=\"og:locale\" content=\"en_GB\" \/>\n<meta property=\"og:type\" content=\"article\" \/>\n<meta property=\"og:title\" content=\"Narava - Do\u017eivi Ru\u0161e\" \/>\n<meta property=\"og:description\" content=\"Spoznajte in obi\u0161\u010dite naravne bisere in skrivnostne koti\u010dke.\" \/>\n<meta property=\"og:url\" content=\"https:\/\/dozivi-ruse.si\/en\/narava\/\" \/>\n<meta property=\"og:site_name\" content=\"Do\u017eivi Ru\u0161e\" \/>\n<meta property=\"article:modified_time\" content=\"2025-06-02T11:11:57+00:00\" \/>\n<meta property=\"og:image\" content=\"https:\/\/dozivi-ruse.si\/wp-content\/uploads\/2022\/07\/Narava_naslovna.jpg\" \/>\n\t<meta property=\"og:image:width\" content=\"1500\" \/>\n\t<meta property=\"og:image:height\" content=\"630\" \/>\n\t<meta property=\"og:image:type\" content=\"image\/jpeg\" \/>\n<meta name=\"twitter:card\" content=\"summary_large_image\" \/>\n<meta name=\"twitter:label1\" content=\"Estimated reading time\" \/>\n\t<meta name=\"twitter:data1\" content=\"2 minutes\" \/>\n<script type=\"application\/ld+json\" class=\"yoast-schema-graph\">{\"@context\":\"https:\\\/\\\/schema.org\",\"@graph\":[{\"@type\":\"WebPage\",\"@id\":\"https:\\\/\\\/dozivi-ruse.si\\\/narava\\\/\",\"url\":\"https:\\\/\\\/dozivi-ruse.si\\\/narava\\\/\",\"name\":\"Narava - Do\u017eivi Ru\u0161e\",\"isPartOf\":{\"@id\":\"https:\\\/\\\/dozivi-ruse.si\\\/#website\"},\"primaryImageOfPage\":{\"@id\":\"https:\\\/\\\/dozivi-ruse.si\\\/narava\\\/#primaryimage\"},\"image\":{\"@id\":\"https:\\\/\\\/dozivi-ruse.si\\\/narava\\\/#primaryimage\"},\"thumbnailUrl\":\"https:\\\/\\\/dozivi-ruse.si\\\/wp-content\\\/uploads\\\/2022\\\/07\\\/Narava_naslovna.jpg\",\"datePublished\":\"2022-07-27T09:23:31+00:00\",\"dateModified\":\"2025-06-02T11:11:57+00:00\",\"description\":\"Spoznajte in obi\u0161\u010dite naravne bisere in skrivnostne koti\u010dke.\",\"breadcrumb\":{\"@id\":\"https:\\\/\\\/dozivi-ruse.si\\\/narava\\\/#breadcrumb\"},\"inLanguage\":\"en-GB\",\"potentialAction\":[{\"@type\":\"ReadAction\",\"target\":[\"https:\\\/\\\/dozivi-ruse.si\\\/narava\\\/\"]}]},{\"@type\":\"ImageObject\",\"inLanguage\":\"en-GB\",\"@id\":\"https:\\\/\\\/dozivi-ruse.si\\\/narava\\\/#primaryimage\",\"url\":\"https:\\\/\\\/dozivi-ruse.si\\\/wp-content\\\/uploads\\\/2022\\\/07\\\/Narava_naslovna.jpg\",\"contentUrl\":\"https:\\\/\\\/dozivi-ruse.si\\\/wp-content\\\/uploads\\\/2022\\\/07\\\/Narava_naslovna.jpg\",\"width\":1500,\"height\":630},{\"@type\":\"BreadcrumbList\",\"@id\":\"https:\\\/\\\/dozivi-ruse.si\\\/narava\\\/#breadcrumb\",\"itemListElement\":[{\"@type\":\"ListItem\",\"position\":1,\"name\":\"Home\",\"item\":\"https:\\\/\\\/dozivi-ruse.si\\\/\"},{\"@type\":\"ListItem\",\"position\":2,\"name\":\"Narava\"}]},{\"@type\":\"WebSite\",\"@id\":\"https:\\\/\\\/dozivi-ruse.si\\\/#website\",\"url\":\"https:\\\/\\\/dozivi-ruse.si\\\/\",\"name\":\"Do\u017eivi Ru\u0161e\",\"description\":\"Zeleno srce med Pohorjem in Dravo\",\"publisher\":{\"@id\":\"https:\\\/\\\/dozivi-ruse.si\\\/#organization\"},\"potentialAction\":[{\"@type\":\"SearchAction\",\"target\":{\"@type\":\"EntryPoint\",\"urlTemplate\":\"https:\\\/\\\/dozivi-ruse.si\\\/?s={search_term_string}\"},\"query-input\":{\"@type\":\"PropertyValueSpecification\",\"valueRequired\":true,\"valueName\":\"search_term_string\"}}],\"inLanguage\":\"en-GB\"},{\"@type\":\"Organization\",\"@id\":\"https:\\\/\\\/dozivi-ruse.si\\\/#organization\",\"name\":\"Do\u017eivi Ru\u0161e\",\"url\":\"https:\\\/\\\/dozivi-ruse.si\\\/\",\"logo\":{\"@type\":\"ImageObject\",\"inLanguage\":\"en-GB\",\"@id\":\"https:\\\/\\\/dozivi-ruse.si\\\/#\\\/schema\\\/logo\\\/image\\\/\",\"url\":\"https:\\\/\\\/dozivi-ruse.si\\\/wp-content\\\/uploads\\\/2020\\\/07\\\/cropped-favicon.jpg\",\"contentUrl\":\"https:\\\/\\\/dozivi-ruse.si\\\/wp-content\\\/uploads\\\/2020\\\/07\\\/cropped-favicon.jpg\",\"width\":512,\"height\":512,\"caption\":\"Do\u017eivi Ru\u0161e\"},\"image\":{\"@id\":\"https:\\\/\\\/dozivi-ruse.si\\\/#\\\/schema\\\/logo\\\/image\\\/\"}}]}<\/script>\n<!-- \/ Yoast SEO plugin. -->","yoast_head_json":{"title":"Narava - Do\u017eivi Ru\u0161e","description":"Get to know and visit natural pearls and mysterious corners.","robots":{"index":"index","follow":"follow","max-snippet":"max-snippet:-1","max-image-preview":"max-image-preview:large","max-video-preview":"max-video-preview:-1"},"canonical":"https:\/\/dozivi-ruse.si\/en\/narava\/","og_locale":"en_GB","og_type":"article","og_title":"Narava - Do\u017eivi Ru\u0161e","og_description":"Spoznajte in obi\u0161\u010dite naravne bisere in skrivnostne koti\u010dke.","og_url":"https:\/\/dozivi-ruse.si\/en\/narava\/","og_site_name":"Do\u017eivi Ru\u0161e","article_modified_time":"2025-06-02T11:11:57+00:00","og_image":[{"width":1500,"height":630,"url":"https:\/\/dozivi-ruse.si\/wp-content\/uploads\/2022\/07\/Narava_naslovna.jpg","type":"image\/jpeg"}],"twitter_card":"summary_large_image","twitter_misc":{"Estimated reading time":"2 minutes"},"schema":{"@context":"https:\/\/schema.org","@graph":[{"@type":"WebPage","@id":"https:\/\/dozivi-ruse.si\/narava\/","url":"https:\/\/dozivi-ruse.si\/narava\/","name":"Narava - Do\u017eivi Ru\u0161e","isPartOf":{"@id":"https:\/\/dozivi-ruse.si\/#website"},"primaryImageOfPage":{"@id":"https:\/\/dozivi-ruse.si\/narava\/#primaryimage"},"image":{"@id":"https:\/\/dozivi-ruse.si\/narava\/#primaryimage"},"thumbnailUrl":"https:\/\/dozivi-ruse.si\/wp-content\/uploads\/2022\/07\/Narava_naslovna.jpg","datePublished":"2022-07-27T09:23:31+00:00","dateModified":"2025-06-02T11:11:57+00:00","description":"Get to know and visit natural pearls and mysterious corners.","breadcrumb":{"@id":"https:\/\/dozivi-ruse.si\/narava\/#breadcrumb"},"inLanguage":"en-GB","potentialAction":[{"@type":"ReadAction","target":["https:\/\/dozivi-ruse.si\/narava\/"]}]},{"@type":"ImageObject","inLanguage":"en-GB","@id":"https:\/\/dozivi-ruse.si\/narava\/#primaryimage","url":"https:\/\/dozivi-ruse.si\/wp-content\/uploads\/2022\/07\/Narava_naslovna.jpg","contentUrl":"https:\/\/dozivi-ruse.si\/wp-content\/uploads\/2022\/07\/Narava_naslovna.jpg","width":1500,"height":630},{"@type":"BreadcrumbList","@id":"https:\/\/dozivi-ruse.si\/narava\/#breadcrumb","itemListElement":[{"@type":"ListItem","position":1,"name":"Home","item":"https:\/\/dozivi-ruse.si\/"},{"@type":"ListItem","position":2,"name":"Narava"}]},{"@type":"WebSite","@id":"https:\/\/dozivi-ruse.si\/#website","url":"https:\/\/dozivi-ruse.si\/","name":"Do\u017eivi Ru\u0161e","description":"Zeleno srce med Pohorjem in Dravo","publisher":{"@id":"https:\/\/dozivi-ruse.si\/#organization"},"potentialAction":[{"@type":"SearchAction","target":{"@type":"EntryPoint","urlTemplate":"https:\/\/dozivi-ruse.si\/?s={search_term_string}"},"query-input":{"@type":"PropertyValueSpecification","valueRequired":true,"valueName":"search_term_string"}}],"inLanguage":"en-GB"},{"@type":"Organization","@id":"https:\/\/dozivi-ruse.si\/#organization","name":"Do\u017eivi Ru\u0161e","url":"https:\/\/dozivi-ruse.si\/","logo":{"@type":"ImageObject","inLanguage":"en-GB","@id":"https:\/\/dozivi-ruse.si\/#\/schema\/logo\/image\/","url":"https:\/\/dozivi-ruse.si\/wp-content\/uploads\/2020\/07\/cropped-favicon.jpg","contentUrl":"https:\/\/dozivi-ruse.si\/wp-content\/uploads\/2020\/07\/cropped-favicon.jpg","width":512,"height":512,"caption":"Do\u017eivi Ru\u0161e"},"image":{"@id":"https:\/\/dozivi-ruse.si\/#\/schema\/logo\/image\/"}}]}},"campaignId":"","_links":{"self":[{"href":"https:\/\/dozivi-ruse.si\/en\/wp-json\/wp\/v2\/pages\/6338","targetHints":{"allow":["GET"]}}],"collection":[{"href":"https:\/\/dozivi-ruse.si\/en\/wp-json\/wp\/v2\/pages"}],"about":[{"href":"https:\/\/dozivi-ruse.si\/en\/wp-json\/wp\/v2\/types\/page"}],"author":[{"embeddable":true,"href":"https:\/\/dozivi-ruse.si\/en\/wp-json\/wp\/v2\/users\/2"}],"replies":[{"embeddable":true,"href":"https:\/\/dozivi-ruse.si\/en\/wp-json\/wp\/v2\/comments?post=6338"}],"version-history":[{"count":52,"href":"https:\/\/dozivi-ruse.si\/en\/wp-json\/wp\/v2\/pages\/6338\/revisions"}],"predecessor-version":[{"id":9700,"href":"https:\/\/dozivi-ruse.si\/en\/wp-json\/wp\/v2\/pages\/6338\/revisions\/9700"}],"wp:featuredmedia":[{"embeddable":true,"href":"https:\/\/dozivi-ruse.si\/en\/wp-json\/wp\/v2\/media\/6345"}],"wp:attachment":[{"href":"https:\/\/dozivi-ruse.si\/en\/wp-json\/wp\/v2\/media?parent=6338"}],"curies":[{"name":"wp","href":"https:\/\/api.w.org\/{rel}","templated":true}]}}