{"id":7153,"date":"2022-08-02T06:38:45","date_gmt":"2022-08-02T06:38:45","guid":{"rendered":"https:\/\/dozivi-ruse.si\/?page_id=7153"},"modified":"2022-10-13T21:03:46","modified_gmt":"2022-10-13T21:03:46","slug":"kako-do-nas","status":"publish","type":"page","link":"https:\/\/dozivi-ruse.si\/en\/kako-do-nas\/","title":{"rendered":"How to reach us"},"content":{"rendered":"<div data-elementor-type=\"wp-page\" data-elementor-id=\"7153\" class=\"elementor elementor-7153\" data-elementor-post-type=\"page\">\n\t\t\t\t\t\t<section class=\"elementor-section elementor-top-section elementor-element elementor-element-57d5dfb8 elementor-section-boxed elementor-section-height-default elementor-section-height-default\" data-id=\"57d5dfb8\" data-element_type=\"section\" data-e-type=\"section\">\n\t\t\t\t\t\t<div class=\"elementor-container elementor-column-gap-default\">\n\t\t\t\t\t<div class=\"elementor-column elementor-col-100 elementor-top-column elementor-element elementor-element-7124116c\" data-id=\"7124116c\" data-element_type=\"column\" data-e-type=\"column\">\n\t\t\t<div class=\"elementor-widget-wrap elementor-element-populated\">\n\t\t\t\t\t\t<div class=\"elementor-element elementor-element-3958c19 elementor-widget elementor-widget-spacer\" data-id=\"3958c19\" data-element_type=\"widget\" data-e-type=\"widget\" data-widget_type=\"spacer.default\">\n\t\t\t\t<div class=\"elementor-widget-container\">\n\t\t\t\t\t\t\t<div class=\"elementor-spacer\">\n\t\t\t<div class=\"elementor-spacer-inner\"><\/div>\n\t\t<\/div>\n\t\t\t\t\t\t<\/div>\n\t\t\t\t<\/div>\n\t\t\t\t\t<\/div>\n\t\t<\/div>\n\t\t\t\t\t<\/div>\n\t\t<\/section>\n\t\t\t\t<section class=\"elementor-section elementor-top-section elementor-element elementor-element-2b0c74d elementor-section-height-min-height elementor-section-items-top elementor-section-boxed elementor-section-height-default\" data-id=\"2b0c74d\" data-element_type=\"section\" data-e-type=\"section\" data-settings=\"{&quot;background_background&quot;:&quot;classic&quot;}\">\n\t\t\t\t\t\t<div class=\"elementor-container elementor-column-gap-default\">\n\t\t\t\t\t<div class=\"elementor-column elementor-col-100 elementor-top-column elementor-element elementor-element-71970ff\" data-id=\"71970ff\" data-element_type=\"column\" data-e-type=\"column\">\n\t\t\t<div class=\"elementor-widget-wrap elementor-element-populated\">\n\t\t\t\t\t\t<div class=\"elementor-element elementor-element-b762498 elementor-widget elementor-widget-spacer\" data-id=\"b762498\" data-element_type=\"widget\" data-e-type=\"widget\" data-widget_type=\"spacer.default\">\n\t\t\t\t<div class=\"elementor-widget-container\">\n\t\t\t\t\t\t\t<div class=\"elementor-spacer\">\n\t\t\t<div class=\"elementor-spacer-inner\"><\/div>\n\t\t<\/div>\n\t\t\t\t\t\t<\/div>\n\t\t\t\t<\/div>\n\t\t\t\t<div class=\"elementor-element elementor-element-639cdc9 elementor-widget elementor-widget-ova_heading\" data-id=\"639cdc9\" data-element_type=\"widget\" data-e-type=\"widget\" data-widget_type=\"ova_heading.default\">\n\t\t\t\t<div class=\"elementor-widget-container\">\n\t\t\t\t\t\t\t<div class=\"ova-heading\">\n\t\t\t\n\t\t\t\t\t\t\t<h3 class=\"title second_font\">How to reach us<\/h3>\n\t\t\t\n\t\t\t\t\t\t\t<p class=\"sub-title\">Visit Ru\u0161e<\/p>\n\t\t\t\n\t\t<\/div>\n\t\t\t\t\t\t<\/div>\n\t\t\t\t<\/div>\n\t\t\t\t\t<\/div>\n\t\t<\/div>\n\t\t\t\t\t<\/div>\n\t\t<\/section>\n\t\t\t\t<section class=\"elementor-section elementor-top-section elementor-element elementor-element-7be4727 elementor-section-boxed elementor-section-height-default elementor-section-height-default\" data-id=\"7be4727\" data-element_type=\"section\" data-e-type=\"section\">\n\t\t\t\t\t\t<div class=\"elementor-container elementor-column-gap-default\">\n\t\t\t\t\t<div class=\"elementor-column elementor-col-100 elementor-top-column elementor-element elementor-element-70c96218\" data-id=\"70c96218\" data-element_type=\"column\" data-e-type=\"column\">\n\t\t\t<div class=\"elementor-widget-wrap elementor-element-populated\">\n\t\t\t\t\t\t<div class=\"elementor-element elementor-element-e445f15 elementor-widget elementor-widget-spacer\" data-id=\"e445f15\" data-element_type=\"widget\" data-e-type=\"widget\" data-widget_type=\"spacer.default\">\n\t\t\t\t<div class=\"elementor-widget-container\">\n\t\t\t\t\t\t\t<div class=\"elementor-spacer\">\n\t\t\t<div class=\"elementor-spacer-inner\"><\/div>\n\t\t<\/div>\n\t\t\t\t\t\t<\/div>\n\t\t\t\t<\/div>\n\t\t\t\t<div class=\"elementor-element elementor-element-f352b2c elementor-widget elementor-widget-heading\" data-id=\"f352b2c\" data-element_type=\"widget\" data-e-type=\"widget\" data-widget_type=\"heading.default\">\n\t\t\t\t<div class=\"elementor-widget-container\">\n\t\t\t\t\t<h2 class=\"elementor-heading-title elementor-size-default\">ROUTE PLANNER<\/h2>\t\t\t\t<\/div>\n\t\t\t\t<\/div>\n\t\t\t\t<div class=\"elementor-element elementor-element-d5d6deb elementor-widget elementor-widget-text-editor\" data-id=\"d5d6deb\" data-element_type=\"widget\" data-e-type=\"widget\" data-widget_type=\"text-editor.default\">\n\t\t\t\t<div class=\"elementor-widget-container\">\n\t\t\t\t\t\t\t\t\t<p>Ru\u0161e is a town and the center of the municipality of the same name, situated in the Drava Valley under the northern slopes of Pohorje, in the western part of Styria, approximately 12 km west of Maribor.r.<br \/>The municipality has good bus connections with neighboring municipalities (Lovrenc na Pohorju and Selnica ob Dravi), and there is also a railway connection through Ru\u0161e linking it with Maribor and the Carinthia region.<b><br \/><br \/>By car:<br \/><\/b>From Slovenia, you can reach Ru\u0161e via the road from Maribor to Bistrica ob Dravi and then to Ru\u0161e. From Austria, travel from Graz through the \u0160entilj border crossing into Maribor and continue towards Ru\u0161e.<br \/><b><br \/>By train\/bus:<br \/><\/b>By bus, you can reach the town of Ru\u0161e from Slovenia via the Maribor\u2013Bistrica ob Dravi\u2013Ru\u0161e road.<br \/><br \/>The nearest railway station is in Ru\u0161e. The railway station is also located in Bistrica ob Dravi.<br \/>On the bus line Maribor - Ru\u0161e - Lovrenc na Pohorje, the transport company Arriva has installed special bike carriers that allow you to place a bike on the bus at every entry station on the mentioned route.<\/p>\t\t\t\t\t\t\t\t<\/div>\n\t\t\t\t<\/div>\n\t\t\t\t<div class=\"elementor-element elementor-element-d2f0eca elementor-widget elementor-widget-google_maps\" data-id=\"d2f0eca\" data-element_type=\"widget\" data-e-type=\"widget\" data-widget_type=\"google_maps.default\">\n\t\t\t\t<div class=\"elementor-widget-container\">\n\t\t\t\t\t\t\t<div class=\"elementor-custom-embed\">\n\t\t\t<iframe loading=\"lazy\"\n\t\t\t\t\tsrc=\"https:\/\/maps.google.com\/maps?q=Ob%C4%8Dina%20Ru%C5%A1e&#038;t=m&#038;z=10&#038;output=embed&#038;iwloc=near\"\n\t\t\t\t\ttitle=\"Ob\u010dina Ru\u0161e\"\n\t\t\t\t\taria-label=\"Ob\u010dina Ru\u0161e\"\n\t\t\t><\/iframe>\n\t\t<\/div>\n\t\t\t\t\t\t<\/div>\n\t\t\t\t<\/div>\n\t\t\t\t\t<\/div>\n\t\t<\/div>\n\t\t\t\t\t<\/div>\n\t\t<\/section>\n\t\t\t\t<\/div>","protected":false},"excerpt":{"rendered":"<p>Kako do nas? Obi\u0161\u010dite Ru\u0161e NA\u010cRTOVALEC POTI Ru\u0161e so mesto in sredi\u0161\u010de istoimenske ob\u010dine v dolini Drave pod severnimi obronki Pohorja na zahodu \u0160tajerske, pribli\u017eno 12 km zahodno od Maribora.Ob\u010dina ima dobre avtobusne povezave s sosednjimi ob\u010dinami ( Lovrenc na Pohorju in Selnica ob Dravi ), skozi Ru\u0161e pa poteka tudi \u017eelezni\u0161ka povezava z Mariborom [&hellip;]<\/p>\n","protected":false},"author":1,"featured_media":8358,"parent":0,"menu_order":0,"comment_status":"closed","ping_status":"closed","template":"elementor_header_footer","meta":{"give_campaign_id":0,"footnotes":""},"class_list":["post-7153","page","type-page","status-publish","has-post-thumbnail","hentry"],"yoast_head":"<!-- This site is optimized with the Yoast SEO plugin v27.4 - https:\/\/yoast.com\/product\/yoast-seo-wordpress\/ -->\n<title>Kako do nas - Do\u017eivi Ru\u0161e<\/title>\n<meta name=\"robots\" content=\"index, follow, max-snippet:-1, max-image-preview:large, max-video-preview:-1\" \/>\n<link rel=\"canonical\" href=\"https:\/\/dozivi-ruse.si\/en\/kako-do-nas\/\" \/>\n<meta property=\"og:locale\" content=\"en_GB\" \/>\n<meta property=\"og:type\" content=\"article\" \/>\n<meta property=\"og:title\" content=\"Kako do nas - Do\u017eivi Ru\u0161e\" \/>\n<meta property=\"og:description\" content=\"Kako do nas? Obi\u0161\u010dite Ru\u0161e NA\u010cRTOVALEC POTI Ru\u0161e so mesto in sredi\u0161\u010de istoimenske ob\u010dine v dolini Drave pod severnimi obronki Pohorja na zahodu \u0160tajerske, pribli\u017eno 12 km zahodno od Maribora.Ob\u010dina ima dobre avtobusne povezave s sosednjimi ob\u010dinami ( Lovrenc na Pohorju in Selnica ob Dravi ), skozi Ru\u0161e pa poteka tudi \u017eelezni\u0161ka povezava z Mariborom [&hellip;]\" \/>\n<meta property=\"og:url\" content=\"https:\/\/dozivi-ruse.si\/en\/kako-do-nas\/\" \/>\n<meta property=\"og:site_name\" content=\"Do\u017eivi Ru\u0161e\" \/>\n<meta property=\"article:modified_time\" content=\"2022-10-13T21:03:46+00:00\" \/>\n<meta property=\"og:image\" content=\"https:\/\/dozivi-ruse.si\/wp-content\/uploads\/2022\/09\/Publikacije_header.jpg\" \/>\n\t<meta property=\"og:image:width\" content=\"1500\" \/>\n\t<meta property=\"og:image:height\" content=\"500\" \/>\n\t<meta property=\"og:image:type\" content=\"image\/jpeg\" \/>\n<meta name=\"twitter:card\" content=\"summary_large_image\" \/>\n<meta name=\"twitter:label1\" content=\"Estimated reading time\" \/>\n\t<meta name=\"twitter:data1\" content=\"1 minute\" \/>\n<script type=\"application\/ld+json\" class=\"yoast-schema-graph\">{\"@context\":\"https:\\\/\\\/schema.org\",\"@graph\":[{\"@type\":\"WebPage\",\"@id\":\"https:\\\/\\\/dozivi-ruse.si\\\/kako-do-nas\\\/\",\"url\":\"https:\\\/\\\/dozivi-ruse.si\\\/kako-do-nas\\\/\",\"name\":\"Kako do nas - Do\u017eivi Ru\u0161e\",\"isPartOf\":{\"@id\":\"https:\\\/\\\/dozivi-ruse.si\\\/#website\"},\"primaryImageOfPage\":{\"@id\":\"https:\\\/\\\/dozivi-ruse.si\\\/kako-do-nas\\\/#primaryimage\"},\"image\":{\"@id\":\"https:\\\/\\\/dozivi-ruse.si\\\/kako-do-nas\\\/#primaryimage\"},\"thumbnailUrl\":\"https:\\\/\\\/dozivi-ruse.si\\\/wp-content\\\/uploads\\\/2022\\\/09\\\/Publikacije_header.jpg\",\"datePublished\":\"2022-08-02T06:38:45+00:00\",\"dateModified\":\"2022-10-13T21:03:46+00:00\",\"breadcrumb\":{\"@id\":\"https:\\\/\\\/dozivi-ruse.si\\\/kako-do-nas\\\/#breadcrumb\"},\"inLanguage\":\"en-GB\",\"potentialAction\":[{\"@type\":\"ReadAction\",\"target\":[\"https:\\\/\\\/dozivi-ruse.si\\\/kako-do-nas\\\/\"]}]},{\"@type\":\"ImageObject\",\"inLanguage\":\"en-GB\",\"@id\":\"https:\\\/\\\/dozivi-ruse.si\\\/kako-do-nas\\\/#primaryimage\",\"url\":\"https:\\\/\\\/dozivi-ruse.si\\\/wp-content\\\/uploads\\\/2022\\\/09\\\/Publikacije_header.jpg\",\"contentUrl\":\"https:\\\/\\\/dozivi-ruse.si\\\/wp-content\\\/uploads\\\/2022\\\/09\\\/Publikacije_header.jpg\",\"width\":1500,\"height\":500},{\"@type\":\"BreadcrumbList\",\"@id\":\"https:\\\/\\\/dozivi-ruse.si\\\/kako-do-nas\\\/#breadcrumb\",\"itemListElement\":[{\"@type\":\"ListItem\",\"position\":1,\"name\":\"Home\",\"item\":\"https:\\\/\\\/dozivi-ruse.si\\\/\"},{\"@type\":\"ListItem\",\"position\":2,\"name\":\"Kako do nas\"}]},{\"@type\":\"WebSite\",\"@id\":\"https:\\\/\\\/dozivi-ruse.si\\\/#website\",\"url\":\"https:\\\/\\\/dozivi-ruse.si\\\/\",\"name\":\"Do\u017eivi Ru\u0161e\",\"description\":\"Zeleno srce med Pohorjem in Dravo\",\"publisher\":{\"@id\":\"https:\\\/\\\/dozivi-ruse.si\\\/#organization\"},\"potentialAction\":[{\"@type\":\"SearchAction\",\"target\":{\"@type\":\"EntryPoint\",\"urlTemplate\":\"https:\\\/\\\/dozivi-ruse.si\\\/?s={search_term_string}\"},\"query-input\":{\"@type\":\"PropertyValueSpecification\",\"valueRequired\":true,\"valueName\":\"search_term_string\"}}],\"inLanguage\":\"en-GB\"},{\"@type\":\"Organization\",\"@id\":\"https:\\\/\\\/dozivi-ruse.si\\\/#organization\",\"name\":\"Do\u017eivi Ru\u0161e\",\"url\":\"https:\\\/\\\/dozivi-ruse.si\\\/\",\"logo\":{\"@type\":\"ImageObject\",\"inLanguage\":\"en-GB\",\"@id\":\"https:\\\/\\\/dozivi-ruse.si\\\/#\\\/schema\\\/logo\\\/image\\\/\",\"url\":\"https:\\\/\\\/dozivi-ruse.si\\\/wp-content\\\/uploads\\\/2020\\\/07\\\/cropped-favicon.jpg\",\"contentUrl\":\"https:\\\/\\\/dozivi-ruse.si\\\/wp-content\\\/uploads\\\/2020\\\/07\\\/cropped-favicon.jpg\",\"width\":512,\"height\":512,\"caption\":\"Do\u017eivi Ru\u0161e\"},\"image\":{\"@id\":\"https:\\\/\\\/dozivi-ruse.si\\\/#\\\/schema\\\/logo\\\/image\\\/\"}}]}<\/script>\n<!-- \/ Yoast SEO plugin. -->","yoast_head_json":{"title":"Kako do nas - Do\u017eivi Ru\u0161e","robots":{"index":"index","follow":"follow","max-snippet":"max-snippet:-1","max-image-preview":"max-image-preview:large","max-video-preview":"max-video-preview:-1"},"canonical":"https:\/\/dozivi-ruse.si\/en\/kako-do-nas\/","og_locale":"en_GB","og_type":"article","og_title":"Kako do nas - Do\u017eivi Ru\u0161e","og_description":"Kako do nas? Obi\u0161\u010dite Ru\u0161e NA\u010cRTOVALEC POTI Ru\u0161e so mesto in sredi\u0161\u010de istoimenske ob\u010dine v dolini Drave pod severnimi obronki Pohorja na zahodu \u0160tajerske, pribli\u017eno 12 km zahodno od Maribora.Ob\u010dina ima dobre avtobusne povezave s sosednjimi ob\u010dinami ( Lovrenc na Pohorju in Selnica ob Dravi ), skozi Ru\u0161e pa poteka tudi \u017eelezni\u0161ka povezava z Mariborom [&hellip;]","og_url":"https:\/\/dozivi-ruse.si\/en\/kako-do-nas\/","og_site_name":"Do\u017eivi Ru\u0161e","article_modified_time":"2022-10-13T21:03:46+00:00","og_image":[{"width":1500,"height":500,"url":"https:\/\/dozivi-ruse.si\/wp-content\/uploads\/2022\/09\/Publikacije_header.jpg","type":"image\/jpeg"}],"twitter_card":"summary_large_image","twitter_misc":{"Estimated reading time":"1 minute"},"schema":{"@context":"https:\/\/schema.org","@graph":[{"@type":"WebPage","@id":"https:\/\/dozivi-ruse.si\/kako-do-nas\/","url":"https:\/\/dozivi-ruse.si\/kako-do-nas\/","name":"Kako do nas - Do\u017eivi Ru\u0161e","isPartOf":{"@id":"https:\/\/dozivi-ruse.si\/#website"},"primaryImageOfPage":{"@id":"https:\/\/dozivi-ruse.si\/kako-do-nas\/#primaryimage"},"image":{"@id":"https:\/\/dozivi-ruse.si\/kako-do-nas\/#primaryimage"},"thumbnailUrl":"https:\/\/dozivi-ruse.si\/wp-content\/uploads\/2022\/09\/Publikacije_header.jpg","datePublished":"2022-08-02T06:38:45+00:00","dateModified":"2022-10-13T21:03:46+00:00","breadcrumb":{"@id":"https:\/\/dozivi-ruse.si\/kako-do-nas\/#breadcrumb"},"inLanguage":"en-GB","potentialAction":[{"@type":"ReadAction","target":["https:\/\/dozivi-ruse.si\/kako-do-nas\/"]}]},{"@type":"ImageObject","inLanguage":"en-GB","@id":"https:\/\/dozivi-ruse.si\/kako-do-nas\/#primaryimage","url":"https:\/\/dozivi-ruse.si\/wp-content\/uploads\/2022\/09\/Publikacije_header.jpg","contentUrl":"https:\/\/dozivi-ruse.si\/wp-content\/uploads\/2022\/09\/Publikacije_header.jpg","width":1500,"height":500},{"@type":"BreadcrumbList","@id":"https:\/\/dozivi-ruse.si\/kako-do-nas\/#breadcrumb","itemListElement":[{"@type":"ListItem","position":1,"name":"Home","item":"https:\/\/dozivi-ruse.si\/"},{"@type":"ListItem","position":2,"name":"Kako do nas"}]},{"@type":"WebSite","@id":"https:\/\/dozivi-ruse.si\/#website","url":"https:\/\/dozivi-ruse.si\/","name":"Do\u017eivi Ru\u0161e","description":"Zeleno srce med Pohorjem in Dravo","publisher":{"@id":"https:\/\/dozivi-ruse.si\/#organization"},"potentialAction":[{"@type":"SearchAction","target":{"@type":"EntryPoint","urlTemplate":"https:\/\/dozivi-ruse.si\/?s={search_term_string}"},"query-input":{"@type":"PropertyValueSpecification","valueRequired":true,"valueName":"search_term_string"}}],"inLanguage":"en-GB"},{"@type":"Organization","@id":"https:\/\/dozivi-ruse.si\/#organization","name":"Do\u017eivi Ru\u0161e","url":"https:\/\/dozivi-ruse.si\/","logo":{"@type":"ImageObject","inLanguage":"en-GB","@id":"https:\/\/dozivi-ruse.si\/#\/schema\/logo\/image\/","url":"https:\/\/dozivi-ruse.si\/wp-content\/uploads\/2020\/07\/cropped-favicon.jpg","contentUrl":"https:\/\/dozivi-ruse.si\/wp-content\/uploads\/2020\/07\/cropped-favicon.jpg","width":512,"height":512,"caption":"Do\u017eivi Ru\u0161e"},"image":{"@id":"https:\/\/dozivi-ruse.si\/#\/schema\/logo\/image\/"}}]}},"campaignId":"","_links":{"self":[{"href":"https:\/\/dozivi-ruse.si\/en\/wp-json\/wp\/v2\/pages\/7153","targetHints":{"allow":["GET"]}}],"collection":[{"href":"https:\/\/dozivi-ruse.si\/en\/wp-json\/wp\/v2\/pages"}],"about":[{"href":"https:\/\/dozivi-ruse.si\/en\/wp-json\/wp\/v2\/types\/page"}],"author":[{"embeddable":true,"href":"https:\/\/dozivi-ruse.si\/en\/wp-json\/wp\/v2\/users\/1"}],"replies":[{"embeddable":true,"href":"https:\/\/dozivi-ruse.si\/en\/wp-json\/wp\/v2\/comments?post=7153"}],"version-history":[{"count":38,"href":"https:\/\/dozivi-ruse.si\/en\/wp-json\/wp\/v2\/pages\/7153\/revisions"}],"predecessor-version":[{"id":8879,"href":"https:\/\/dozivi-ruse.si\/en\/wp-json\/wp\/v2\/pages\/7153\/revisions\/8879"}],"wp:featuredmedia":[{"embeddable":true,"href":"https:\/\/dozivi-ruse.si\/en\/wp-json\/wp\/v2\/media\/8358"}],"wp:attachment":[{"href":"https:\/\/dozivi-ruse.si\/en\/wp-json\/wp\/v2\/media?parent=7153"}],"curies":[{"name":"wp","href":"https:\/\/api.w.org\/{rel}","templated":true}]}}