{"id":9336,"date":"2023-04-20T19:16:39","date_gmt":"2023-04-20T19:16:39","guid":{"rendered":"https:\/\/dozivi-ruse.si\/?page_id=9336"},"modified":"2023-04-20T19:18:15","modified_gmt":"2023-04-20T19:18:15","slug":"izjava-o-skladnosti-zdsma","status":"publish","type":"page","link":"https:\/\/dozivi-ruse.si\/en\/izjava-o-skladnosti-zdsma\/","title":{"rendered":"Declaration of Conformity"},"content":{"rendered":"<div data-elementor-type=\"wp-page\" data-elementor-id=\"9336\" class=\"elementor elementor-9336\" data-elementor-post-type=\"page\">\n\t\t\t\t\t\t<section class=\"elementor-section elementor-top-section elementor-element elementor-element-10da39e elementor-section-boxed elementor-section-height-default elementor-section-height-default\" data-id=\"10da39e\" data-element_type=\"section\" data-e-type=\"section\">\n\t\t\t\t\t\t<div class=\"elementor-container elementor-column-gap-default\">\n\t\t\t\t\t<div class=\"elementor-column elementor-col-100 elementor-top-column elementor-element elementor-element-1d3c514\" data-id=\"1d3c514\" data-element_type=\"column\" data-e-type=\"column\">\n\t\t\t<div class=\"elementor-widget-wrap elementor-element-populated\">\n\t\t\t\t\t\t<div class=\"elementor-element elementor-element-a0ec806 elementor-widget elementor-widget-text-editor\" data-id=\"a0ec806\" data-element_type=\"widget\" data-e-type=\"widget\" data-widget_type=\"text-editor.default\">\n\t\t\t\t<div class=\"elementor-widget-container\">\n\t\t\t\t\t\t\t\t\t<div><h2 class=\"content_subtitle\">Izjava o dostopnosti<\/h2><div class=\"opis obogatena_vsebina colored_links\"><div><p>Ob\u010dina Ru\u0161e\u00a0 se zavezuje omogo\u010dati dostopnost za spletno stran:\u00a0<a href=\"https:\/\/dozivi-ruse.si\/en\/\">https:\/\/dozivi-ruse.si\/<\/a>\u00a0v skladu z Zakonom o dostopnosti spleti\u0161\u010d in mobilnih aplikacij in Direktivo EU 2016\/2102 Evropskega parlamenta in Sveta.<\/p><p>Ta izjava o dostopnosti se nana\u0161a na celotno spletno stran. Spletna stran je\u00a0 skladna s priporo\u010dili WCAG 2.1 nivo AA.\u00a0<\/p><p>Za zagotavljanje dostopnosti so bile zagotovljene naslednje sistemske prilagoditve:<\/p><ul><li>Prilagajanje velikosti pisave in barvnih kontrastov.<\/li><li>Odzivno oblikovanje oz. prilagajanje postavitve vsebine zaslonu.<\/li><li>Navigacija s tipkovnico.<\/li><li>Predvidljivo delovanje spleti\u0161\u010da.<\/li><li>Omogo\u010dena uporaba razli\u010dnih ravni naslovov.<\/li><li>Omogo\u010deno nadomestno besedilo za opise fotografij, slik.<\/li><\/ul><\/div><\/div><\/div><div><h2 class=\"content_subtitle\">Stopnja skladnosti<\/h2><div class=\"opis obogatena_vsebina colored_links\"><div>Spleti\u0161\u010de je skladno z\u00a0<a href=\"http:\/\/www.pisrs.si\/Pis.web\/pregledPredpisa?id=ZAKO7718\" target=\"_blank\" rel=\"noopener\">Zakonom o dostopnosti spleti\u0161\u010d in mobilnih aplikacij<\/a>.<\/div><\/div><\/div><div><h2 class=\"content_subtitle\">Povratne in kontaktne informacije<\/h2><div class=\"opis obogatena_vsebina colored_links\"><div><p>Vsa vpra\u0161anja ali komentarje povezane s spletno dostopnostjo nam po\u0161ljite na e-po\u0161to:\u00a0<a href=\"mailto:obcina@ruse.si\">obcina@ruse.si<\/a>. \u00a0Odgovorili vam bomo v najkraj\u0161em mo\u017enem \u010dasu.<\/p><p>V primeru nezadovoljivih odgovorov na katero koli obvestilo ali zahtevo, poslano v skladu z 8. \u010dlenom Zakona o dostopnosti spleti\u0161\u010d in mobilnih aplikacij (Uradni list RS, \u0161t.\u00a0<u><a href=\"http:\/\/www.uradni-list.si\/1\/objava.jsp?sop=2018-01-1351\">30\/18<\/a><\/u>), lahko oddate opis in povezavo na nedostopno vsebino spleti\u0161\u010da In\u0161pektoratu Republike Slovenije za informacijsko dru\u017ebo.\u00a0<\/p><\/div><\/div><\/div><div><h2 class=\"content_subtitle\">Izvr\u0161ilni postopek<\/h2><div class=\"opis obogatena_vsebina colored_links\"><div>Izvr\u0161ilni organ za morebitne postopke je: Ministrstvo\u00a0 za digitalno preobrazbo, In\u0161pektorat Republike Slovenije za informacijsko dru\u017ebo, Dav\u010dna ulica 1, 1000 Ljubljana, 01 555 58 48,\u00a0<a href=\"mailto:gp.irsid@gov.si\" target=\"_blank\" rel=\"noopener\">gp.irsid@gov.si<\/a>.<\/div><\/div><\/div><div><h2 class=\"content_subtitle\">Nedostopna vsebina na spletnem mestu<\/h2><div class=\"opis obogatena_vsebina colored_links\"><div><p>Dostopnost spleti\u0161\u010da nenehno spremljamo in sproti izbolj\u0161ujemo posamezne elemente dostopnosti. Kljub temu nekatere objavljene vsebine ne izpolnjujejo vseh zahtev glede dostopnosti, kot jih dolo\u010da Zakon o dostopnosti spleti\u0161\u010d in mobilnih aplikacij.<\/p><p>Primeri takih vsebin so:<\/p><ul><li>skenirani dokumenti v PDF obliki zapisa,<\/li><\/ul><\/div><\/div><\/div><div class=\"text-end mt-4\">Zadnja sprememba: 20.04.2023<\/div>\t\t\t\t\t\t\t\t<\/div>\n\t\t\t\t<\/div>\n\t\t\t\t\t<\/div>\n\t\t<\/div>\n\t\t\t\t\t<\/div>\n\t\t<\/section>\n\t\t\t\t<\/div>","protected":false},"excerpt":{"rendered":"<p>Izjava o dostopnosti Ob\u010dina Ru\u0161e\u00a0 se zavezuje omogo\u010dati dostopnost za spletno stran:\u00a0https:\/\/dozivi-ruse.si\/\u00a0v skladu z Zakonom o dostopnosti spleti\u0161\u010d in mobilnih aplikacij in Direktivo EU 2016\/2102 Evropskega parlamenta in Sveta. Ta izjava o dostopnosti se nana\u0161a na celotno spletno stran. Spletna stran je\u00a0 skladna s priporo\u010dili WCAG 2.1 nivo AA.\u00a0 Za zagotavljanje dostopnosti so bile zagotovljene [&hellip;]<\/p>\n","protected":false},"author":1,"featured_media":0,"parent":0,"menu_order":0,"comment_status":"closed","ping_status":"closed","template":"","meta":{"give_campaign_id":0,"footnotes":""},"class_list":["post-9336","page","type-page","status-publish","hentry"],"yoast_head":"<!-- This site is optimized with the Yoast SEO plugin v27.4 - https:\/\/yoast.com\/product\/yoast-seo-wordpress\/ -->\n<title>Izjava o skladnosti (ZDSMA) - Do\u017eivi Ru\u0161e<\/title>\n<meta name=\"robots\" content=\"index, follow, max-snippet:-1, max-image-preview:large, max-video-preview:-1\" \/>\n<link rel=\"canonical\" href=\"https:\/\/dozivi-ruse.si\/en\/izjava-o-skladnosti-zdsma\/\" \/>\n<meta property=\"og:locale\" content=\"en_GB\" \/>\n<meta property=\"og:type\" content=\"article\" \/>\n<meta property=\"og:title\" content=\"Izjava o skladnosti (ZDSMA) - Do\u017eivi Ru\u0161e\" \/>\n<meta property=\"og:description\" content=\"Izjava o dostopnosti Ob\u010dina Ru\u0161e\u00a0 se zavezuje omogo\u010dati dostopnost za spletno stran:\u00a0https:\/\/dozivi-ruse.si\/\u00a0v skladu z Zakonom o dostopnosti spleti\u0161\u010d in mobilnih aplikacij in Direktivo EU 2016\/2102 Evropskega parlamenta in Sveta. Ta izjava o dostopnosti se nana\u0161a na celotno spletno stran. Spletna stran je\u00a0 skladna s priporo\u010dili WCAG 2.1 nivo AA.\u00a0 Za zagotavljanje dostopnosti so bile zagotovljene [&hellip;]\" \/>\n<meta property=\"og:url\" content=\"https:\/\/dozivi-ruse.si\/en\/izjava-o-skladnosti-zdsma\/\" \/>\n<meta property=\"og:site_name\" content=\"Do\u017eivi Ru\u0161e\" \/>\n<meta property=\"article:modified_time\" content=\"2023-04-20T19:18:15+00:00\" \/>\n<meta name=\"twitter:card\" content=\"summary_large_image\" \/>\n<meta name=\"twitter:label1\" content=\"Estimated reading time\" \/>\n\t<meta name=\"twitter:data1\" content=\"1 minute\" \/>\n<script type=\"application\/ld+json\" class=\"yoast-schema-graph\">{\"@context\":\"https:\\\/\\\/schema.org\",\"@graph\":[{\"@type\":\"WebPage\",\"@id\":\"https:\\\/\\\/dozivi-ruse.si\\\/izjava-o-skladnosti-zdsma\\\/\",\"url\":\"https:\\\/\\\/dozivi-ruse.si\\\/izjava-o-skladnosti-zdsma\\\/\",\"name\":\"Izjava o skladnosti (ZDSMA) - Do\u017eivi Ru\u0161e\",\"isPartOf\":{\"@id\":\"https:\\\/\\\/dozivi-ruse.si\\\/#website\"},\"datePublished\":\"2023-04-20T19:16:39+00:00\",\"dateModified\":\"2023-04-20T19:18:15+00:00\",\"breadcrumb\":{\"@id\":\"https:\\\/\\\/dozivi-ruse.si\\\/izjava-o-skladnosti-zdsma\\\/#breadcrumb\"},\"inLanguage\":\"en-GB\",\"potentialAction\":[{\"@type\":\"ReadAction\",\"target\":[\"https:\\\/\\\/dozivi-ruse.si\\\/izjava-o-skladnosti-zdsma\\\/\"]}]},{\"@type\":\"BreadcrumbList\",\"@id\":\"https:\\\/\\\/dozivi-ruse.si\\\/izjava-o-skladnosti-zdsma\\\/#breadcrumb\",\"itemListElement\":[{\"@type\":\"ListItem\",\"position\":1,\"name\":\"Home\",\"item\":\"https:\\\/\\\/dozivi-ruse.si\\\/\"},{\"@type\":\"ListItem\",\"position\":2,\"name\":\"Izjava o skladnosti (ZDSMA)\"}]},{\"@type\":\"WebSite\",\"@id\":\"https:\\\/\\\/dozivi-ruse.si\\\/#website\",\"url\":\"https:\\\/\\\/dozivi-ruse.si\\\/\",\"name\":\"Do\u017eivi Ru\u0161e\",\"description\":\"Zeleno srce med Pohorjem in Dravo\",\"publisher\":{\"@id\":\"https:\\\/\\\/dozivi-ruse.si\\\/#organization\"},\"potentialAction\":[{\"@type\":\"SearchAction\",\"target\":{\"@type\":\"EntryPoint\",\"urlTemplate\":\"https:\\\/\\\/dozivi-ruse.si\\\/?s={search_term_string}\"},\"query-input\":{\"@type\":\"PropertyValueSpecification\",\"valueRequired\":true,\"valueName\":\"search_term_string\"}}],\"inLanguage\":\"en-GB\"},{\"@type\":\"Organization\",\"@id\":\"https:\\\/\\\/dozivi-ruse.si\\\/#organization\",\"name\":\"Do\u017eivi Ru\u0161e\",\"url\":\"https:\\\/\\\/dozivi-ruse.si\\\/\",\"logo\":{\"@type\":\"ImageObject\",\"inLanguage\":\"en-GB\",\"@id\":\"https:\\\/\\\/dozivi-ruse.si\\\/#\\\/schema\\\/logo\\\/image\\\/\",\"url\":\"https:\\\/\\\/dozivi-ruse.si\\\/wp-content\\\/uploads\\\/2020\\\/07\\\/cropped-favicon.jpg\",\"contentUrl\":\"https:\\\/\\\/dozivi-ruse.si\\\/wp-content\\\/uploads\\\/2020\\\/07\\\/cropped-favicon.jpg\",\"width\":512,\"height\":512,\"caption\":\"Do\u017eivi Ru\u0161e\"},\"image\":{\"@id\":\"https:\\\/\\\/dozivi-ruse.si\\\/#\\\/schema\\\/logo\\\/image\\\/\"}}]}<\/script>\n<!-- \/ Yoast SEO plugin. -->","yoast_head_json":{"title":"Izjava o skladnosti (ZDSMA) - Do\u017eivi Ru\u0161e","robots":{"index":"index","follow":"follow","max-snippet":"max-snippet:-1","max-image-preview":"max-image-preview:large","max-video-preview":"max-video-preview:-1"},"canonical":"https:\/\/dozivi-ruse.si\/en\/izjava-o-skladnosti-zdsma\/","og_locale":"en_GB","og_type":"article","og_title":"Izjava o skladnosti (ZDSMA) - Do\u017eivi Ru\u0161e","og_description":"Izjava o dostopnosti Ob\u010dina Ru\u0161e\u00a0 se zavezuje omogo\u010dati dostopnost za spletno stran:\u00a0https:\/\/dozivi-ruse.si\/\u00a0v skladu z Zakonom o dostopnosti spleti\u0161\u010d in mobilnih aplikacij in Direktivo EU 2016\/2102 Evropskega parlamenta in Sveta. Ta izjava o dostopnosti se nana\u0161a na celotno spletno stran. Spletna stran je\u00a0 skladna s priporo\u010dili WCAG 2.1 nivo AA.\u00a0 Za zagotavljanje dostopnosti so bile zagotovljene [&hellip;]","og_url":"https:\/\/dozivi-ruse.si\/en\/izjava-o-skladnosti-zdsma\/","og_site_name":"Do\u017eivi Ru\u0161e","article_modified_time":"2023-04-20T19:18:15+00:00","twitter_card":"summary_large_image","twitter_misc":{"Estimated reading time":"1 minute"},"schema":{"@context":"https:\/\/schema.org","@graph":[{"@type":"WebPage","@id":"https:\/\/dozivi-ruse.si\/izjava-o-skladnosti-zdsma\/","url":"https:\/\/dozivi-ruse.si\/izjava-o-skladnosti-zdsma\/","name":"Izjava o skladnosti (ZDSMA) - Do\u017eivi Ru\u0161e","isPartOf":{"@id":"https:\/\/dozivi-ruse.si\/#website"},"datePublished":"2023-04-20T19:16:39+00:00","dateModified":"2023-04-20T19:18:15+00:00","breadcrumb":{"@id":"https:\/\/dozivi-ruse.si\/izjava-o-skladnosti-zdsma\/#breadcrumb"},"inLanguage":"en-GB","potentialAction":[{"@type":"ReadAction","target":["https:\/\/dozivi-ruse.si\/izjava-o-skladnosti-zdsma\/"]}]},{"@type":"BreadcrumbList","@id":"https:\/\/dozivi-ruse.si\/izjava-o-skladnosti-zdsma\/#breadcrumb","itemListElement":[{"@type":"ListItem","position":1,"name":"Home","item":"https:\/\/dozivi-ruse.si\/"},{"@type":"ListItem","position":2,"name":"Izjava o skladnosti (ZDSMA)"}]},{"@type":"WebSite","@id":"https:\/\/dozivi-ruse.si\/#website","url":"https:\/\/dozivi-ruse.si\/","name":"Do\u017eivi Ru\u0161e","description":"Zeleno srce med Pohorjem in Dravo","publisher":{"@id":"https:\/\/dozivi-ruse.si\/#organization"},"potentialAction":[{"@type":"SearchAction","target":{"@type":"EntryPoint","urlTemplate":"https:\/\/dozivi-ruse.si\/?s={search_term_string}"},"query-input":{"@type":"PropertyValueSpecification","valueRequired":true,"valueName":"search_term_string"}}],"inLanguage":"en-GB"},{"@type":"Organization","@id":"https:\/\/dozivi-ruse.si\/#organization","name":"Do\u017eivi Ru\u0161e","url":"https:\/\/dozivi-ruse.si\/","logo":{"@type":"ImageObject","inLanguage":"en-GB","@id":"https:\/\/dozivi-ruse.si\/#\/schema\/logo\/image\/","url":"https:\/\/dozivi-ruse.si\/wp-content\/uploads\/2020\/07\/cropped-favicon.jpg","contentUrl":"https:\/\/dozivi-ruse.si\/wp-content\/uploads\/2020\/07\/cropped-favicon.jpg","width":512,"height":512,"caption":"Do\u017eivi Ru\u0161e"},"image":{"@id":"https:\/\/dozivi-ruse.si\/#\/schema\/logo\/image\/"}}]}},"campaignId":"","_links":{"self":[{"href":"https:\/\/dozivi-ruse.si\/en\/wp-json\/wp\/v2\/pages\/9336","targetHints":{"allow":["GET"]}}],"collection":[{"href":"https:\/\/dozivi-ruse.si\/en\/wp-json\/wp\/v2\/pages"}],"about":[{"href":"https:\/\/dozivi-ruse.si\/en\/wp-json\/wp\/v2\/types\/page"}],"author":[{"embeddable":true,"href":"https:\/\/dozivi-ruse.si\/en\/wp-json\/wp\/v2\/users\/1"}],"replies":[{"embeddable":true,"href":"https:\/\/dozivi-ruse.si\/en\/wp-json\/wp\/v2\/comments?post=9336"}],"version-history":[{"count":8,"href":"https:\/\/dozivi-ruse.si\/en\/wp-json\/wp\/v2\/pages\/9336\/revisions"}],"predecessor-version":[{"id":9344,"href":"https:\/\/dozivi-ruse.si\/en\/wp-json\/wp\/v2\/pages\/9336\/revisions\/9344"}],"wp:attachment":[{"href":"https:\/\/dozivi-ruse.si\/en\/wp-json\/wp\/v2\/media?parent=9336"}],"curies":[{"name":"wp","href":"https:\/\/api.w.org\/{rel}","templated":true}]}}